{"id":86,"date":"2025-09-26T23:28:54","date_gmt":"2025-09-26T23:28:54","guid":{"rendered":"https:\/\/lismellow.com.br\/novo\/index.php\/contact\/"},"modified":"2025-09-30T03:20:41","modified_gmt":"2025-09-30T03:20:41","slug":"contato","status":"publish","type":"page","link":"https:\/\/lismellow.com.br\/novo\/?page_id=86","title":{"rendered":"Contato"},"content":{"rendered":"\n\n\n<h2>Fale Conosco<\/h2>\n\n\n\n<h6>Visite-nos<\/h6>\n\n\n\n\n\n<iframe src=\"https:\/\/www.google.com\/maps\/embed?pb=!1m18!1m12!1m3!1d15006.351693163866!2d-44.028697344580095!3d-19.899614900000003!2m3!1f0!2f0!3f0!3m2!1i1024!2i768!4f13.1!3m3!1m2!1s0xa696a52dd3836b%3A0x4490913d2bb39deb!2sLISMELLOW%20-%20Produtos%20para%20sorvete!5e0!3m2!1spt-BR!2sbr!4v1759202230023!5m2!1spt-BR!2sbr\" width=\"100%\" height=\"350\" style=\"border:0;\" allowfullscreen=\"\" loading=\"lazy\" referrerpolicy=\"no-referrer-when-downgrade\"><\/iframe>\n\n\n\n\n\n<h4>ENIVE-NOS UMA MENSAGEM<\/h4>\n\n\n\n\n\n\n\n\n\n\n\n\n\n\n\n\n\n\n\n<h6>Entre em contato conosco!<\/h6>\n\n\n\n\n\n\n\n\n","protected":false},"excerpt":{"rendered":"","protected":false},"author":1,"featured_media":0,"parent":0,"menu_order":0,"comment_status":"closed","ping_status":"closed","template":"","meta":{"pagelayer_contact_templates":null,"_pagelayer_content":"","_joinchat":[],"footnotes":""},"class_list":["post-86","page","type-page","status-publish","hentry"],"yoast_head":"<!-- This site is optimized with the Yoast SEO plugin v26.0 - https:\/\/yoast.com\/wordpress\/plugins\/seo\/ -->\n<title>Contato - Lismellow \u2013 Sorvetes, A\u00e7a\u00ed e Complementos Direto da F\u00e1brica em Belo Horizonte - MG<\/title>\n<meta name=\"robots\" content=\"index, follow, max-snippet:-1, max-image-preview:large, max-video-preview:-1\" \/>\n<link rel=\"canonical\" href=\"https:\/\/lismellow.com.br\/novo\/?page_id=86\" \/>\n<meta property=\"og:locale\" content=\"pt_BR\" \/>\n<meta property=\"og:type\" content=\"article\" \/>\n<meta property=\"og:title\" content=\"Contato - Lismellow \u2013 Sorvetes, A\u00e7a\u00ed e Complementos Direto da F\u00e1brica em Belo Horizonte - MG\" \/>\n<meta property=\"og:url\" content=\"https:\/\/lismellow.com.br\/novo\/?page_id=86\" \/>\n<meta property=\"og:site_name\" content=\"Lismellow \u2013 Sorvetes, A\u00e7a\u00ed e Complementos Direto da F\u00e1brica em Belo Horizonte - MG\" \/>\n<meta property=\"article:modified_time\" content=\"2025-09-30T03:20:41+00:00\" \/>\n<meta name=\"twitter:card\" content=\"summary_large_image\" \/>\n<meta name=\"twitter:label1\" content=\"Est. tempo de leitura\" \/>\n\t<meta name=\"twitter:data1\" content=\"1 minuto\" \/>\n<script type=\"application\/ld+json\" class=\"yoast-schema-graph\">{\"@context\":\"https:\/\/schema.org\",\"@graph\":[{\"@type\":\"WebPage\",\"@id\":\"https:\/\/lismellow.com.br\/novo\/?page_id=86\",\"url\":\"https:\/\/lismellow.com.br\/novo\/?page_id=86\",\"name\":\"Contato - Lismellow \u2013 Sorvetes, A\u00e7a\u00ed e Complementos Direto da F\u00e1brica em Belo Horizonte - MG\",\"isPartOf\":{\"@id\":\"https:\/\/lismellow.com.br\/novo\/#website\"},\"datePublished\":\"2025-09-26T23:28:54+00:00\",\"dateModified\":\"2025-09-30T03:20:41+00:00\",\"breadcrumb\":{\"@id\":\"https:\/\/lismellow.com.br\/novo\/?page_id=86#breadcrumb\"},\"inLanguage\":\"pt-BR\",\"potentialAction\":[{\"@type\":\"ReadAction\",\"target\":[\"https:\/\/lismellow.com.br\/novo\/?page_id=86\"]}]},{\"@type\":\"BreadcrumbList\",\"@id\":\"https:\/\/lismellow.com.br\/novo\/?page_id=86#breadcrumb\",\"itemListElement\":[{\"@type\":\"ListItem\",\"position\":1,\"name\":\"In\u00edcio\",\"item\":\"https:\/\/lismellow.com.br\/novo\/\"},{\"@type\":\"ListItem\",\"position\":2,\"name\":\"Contato\"}]},{\"@type\":\"WebSite\",\"@id\":\"https:\/\/lismellow.com.br\/novo\/#website\",\"url\":\"https:\/\/lismellow.com.br\/novo\/\",\"name\":\"Lismellow \u2013 Sorvetes, A\u00e7a\u00ed e Complementos Direto da F\u00e1brica em Belo Horizonte - MG\",\"description\":\"Lismellow: sorvetes soft, a\u00e7a\u00ed e frozen yogurt direto da f\u00e1brica em Belo Horizonte. Produtos de qualidade para sorveterias e a\u00e7aiterias em MG.\",\"potentialAction\":[{\"@type\":\"SearchAction\",\"target\":{\"@type\":\"EntryPoint\",\"urlTemplate\":\"https:\/\/lismellow.com.br\/novo\/?s={search_term_string}\"},\"query-input\":{\"@type\":\"PropertyValueSpecification\",\"valueRequired\":true,\"valueName\":\"search_term_string\"}}],\"inLanguage\":\"pt-BR\"}]}<\/script>\n<!-- \/ Yoast SEO plugin. -->","yoast_head_json":{"title":"Contato - Lismellow \u2013 Sorvetes, A\u00e7a\u00ed e Complementos Direto da F\u00e1brica em Belo Horizonte - MG","robots":{"index":"index","follow":"follow","max-snippet":"max-snippet:-1","max-image-preview":"max-image-preview:large","max-video-preview":"max-video-preview:-1"},"canonical":"https:\/\/lismellow.com.br\/novo\/?page_id=86","og_locale":"pt_BR","og_type":"article","og_title":"Contato - Lismellow \u2013 Sorvetes, A\u00e7a\u00ed e Complementos Direto da F\u00e1brica em Belo Horizonte - MG","og_url":"https:\/\/lismellow.com.br\/novo\/?page_id=86","og_site_name":"Lismellow \u2013 Sorvetes, A\u00e7a\u00ed e Complementos Direto da F\u00e1brica em Belo Horizonte - MG","article_modified_time":"2025-09-30T03:20:41+00:00","twitter_card":"summary_large_image","twitter_misc":{"Est. tempo de leitura":"1 minuto"},"schema":{"@context":"https:\/\/schema.org","@graph":[{"@type":"WebPage","@id":"https:\/\/lismellow.com.br\/novo\/?page_id=86","url":"https:\/\/lismellow.com.br\/novo\/?page_id=86","name":"Contato - Lismellow \u2013 Sorvetes, A\u00e7a\u00ed e Complementos Direto da F\u00e1brica em Belo Horizonte - MG","isPartOf":{"@id":"https:\/\/lismellow.com.br\/novo\/#website"},"datePublished":"2025-09-26T23:28:54+00:00","dateModified":"2025-09-30T03:20:41+00:00","breadcrumb":{"@id":"https:\/\/lismellow.com.br\/novo\/?page_id=86#breadcrumb"},"inLanguage":"pt-BR","potentialAction":[{"@type":"ReadAction","target":["https:\/\/lismellow.com.br\/novo\/?page_id=86"]}]},{"@type":"BreadcrumbList","@id":"https:\/\/lismellow.com.br\/novo\/?page_id=86#breadcrumb","itemListElement":[{"@type":"ListItem","position":1,"name":"In\u00edcio","item":"https:\/\/lismellow.com.br\/novo\/"},{"@type":"ListItem","position":2,"name":"Contato"}]},{"@type":"WebSite","@id":"https:\/\/lismellow.com.br\/novo\/#website","url":"https:\/\/lismellow.com.br\/novo\/","name":"Lismellow \u2013 Sorvetes, A\u00e7a\u00ed e Complementos Direto da F\u00e1brica em Belo Horizonte - MG","description":"Lismellow: sorvetes soft, a\u00e7a\u00ed e frozen yogurt direto da f\u00e1brica em Belo Horizonte. Produtos de qualidade para sorveterias e a\u00e7aiterias em MG.","potentialAction":[{"@type":"SearchAction","target":{"@type":"EntryPoint","urlTemplate":"https:\/\/lismellow.com.br\/novo\/?s={search_term_string}"},"query-input":{"@type":"PropertyValueSpecification","valueRequired":true,"valueName":"search_term_string"}}],"inLanguage":"pt-BR"}]}},"_links":{"self":[{"href":"https:\/\/lismellow.com.br\/novo\/index.php?rest_route=\/wp\/v2\/pages\/86","targetHints":{"allow":["GET"]}}],"collection":[{"href":"https:\/\/lismellow.com.br\/novo\/index.php?rest_route=\/wp\/v2\/pages"}],"about":[{"href":"https:\/\/lismellow.com.br\/novo\/index.php?rest_route=\/wp\/v2\/types\/page"}],"author":[{"embeddable":true,"href":"https:\/\/lismellow.com.br\/novo\/index.php?rest_route=\/wp\/v2\/users\/1"}],"replies":[{"embeddable":true,"href":"https:\/\/lismellow.com.br\/novo\/index.php?rest_route=%2Fwp%2Fv2%2Fcomments&post=86"}],"version-history":[{"count":3,"href":"https:\/\/lismellow.com.br\/novo\/index.php?rest_route=\/wp\/v2\/pages\/86\/revisions"}],"predecessor-version":[{"id":236,"href":"https:\/\/lismellow.com.br\/novo\/index.php?rest_route=\/wp\/v2\/pages\/86\/revisions\/236"}],"wp:attachment":[{"href":"https:\/\/lismellow.com.br\/novo\/index.php?rest_route=%2Fwp%2Fv2%2Fmedia&parent=86"}],"curies":[{"name":"wp","href":"https:\/\/api.w.org\/{rel}","templated":true}]}}