{"id":2954,"date":"2025-10-30T03:59:52","date_gmt":"2025-10-30T03:59:52","guid":{"rendered":"https:\/\/lismellow.com.br\/loja\/?post_type=product&#038;p=2954"},"modified":"2025-12-16T19:40:39","modified_gmt":"2025-12-16T19:40:39","slug":"recheio-chocolate-ao-leite-c-avela-vabene-4kg","status":"publish","type":"product","link":"https:\/\/lismellow.com.br\/loja\/produto\/recheio-chocolate-ao-leite-c-avela-vabene-4kg\/","title":{"rendered":"Recheio Chocolate Ao Leite c\/ Avel\u00e3 Vabene 4kg"},"content":{"rendered":"<p>Recheio de Chocolate Ao Leite com Avel\u00e3s granuladas, tornando as receitas mais ricas e valiosas.<\/p>\n<p>Ideal Para:<br \/>\nAplica\u00e7\u00e3o como mescla em sorvetes e milk shakes e em receitas de confeitaria como recheio, cobertura ou decora\u00e7\u00e3o de bolos, tortas e p\u00e3es. Em chocolateria \u00e9 utilizado como inclus\u00e3o em recheios de ovos de P\u00e1scoa, bombons, entre outros.<\/p>\n<p>Aviso importante:<br \/>\nPode haver separa\u00e7\u00e3o de fases entre \u00f3leo e s\u00f3lidos. Manter a embalagem devidamente fechada e em local seco, fresco e inodoro. Depois de aberto, manter o produto devidamente fechado e consumir em at\u00e9 15 dias. Data de fabrica\u00e7\u00e3o e validade vide tampa.<\/p>\n","protected":false},"excerpt":{"rendered":"<p>Recheio de Chocolate Ao Leite com Avel\u00e3s granuladas, tornando as receitas mais ricas e valiosas. Ideal Para: Aplica\u00e7\u00e3o como mescla em sorvetes e milk shakes e em receitas de confeitaria como recheio, cobertura ou decora\u00e7\u00e3o de bolos, tortas e p\u00e3es. Em chocolateria \u00e9 utilizado como inclus\u00e3o em recheios de ovos de P\u00e1scoa, bombons, entre outros. [&hellip;]<\/p>\n","protected":false},"featured_media":2956,"comment_status":"open","ping_status":"closed","template":"","meta":{"pagelayer_contact_templates":[],"_pagelayer_content":"","_joinchat":[]},"product_brand":[],"product_cat":[188,184],"product_tag":[],"class_list":{"0":"post-2954","1":"product","2":"type-product","3":"status-publish","4":"has-post-thumbnail","6":"product_cat-recheios","7":"product_cat-vabene","9":"first","10":"onbackorder","11":"shipping-taxable","12":"product-type-simple"},"_links":{"self":[{"href":"https:\/\/lismellow.com.br\/loja\/wp-json\/wp\/v2\/product\/2954","targetHints":{"allow":["GET"]}}],"collection":[{"href":"https:\/\/lismellow.com.br\/loja\/wp-json\/wp\/v2\/product"}],"about":[{"href":"https:\/\/lismellow.com.br\/loja\/wp-json\/wp\/v2\/types\/product"}],"replies":[{"embeddable":true,"href":"https:\/\/lismellow.com.br\/loja\/wp-json\/wp\/v2\/comments?post=2954"}],"wp:featuredmedia":[{"embeddable":true,"href":"https:\/\/lismellow.com.br\/loja\/wp-json\/wp\/v2\/media\/2956"}],"wp:attachment":[{"href":"https:\/\/lismellow.com.br\/loja\/wp-json\/wp\/v2\/media?parent=2954"}],"wp:term":[{"taxonomy":"product_brand","embeddable":true,"href":"https:\/\/lismellow.com.br\/loja\/wp-json\/wp\/v2\/product_brand?post=2954"},{"taxonomy":"product_cat","embeddable":true,"href":"https:\/\/lismellow.com.br\/loja\/wp-json\/wp\/v2\/product_cat?post=2954"},{"taxonomy":"product_tag","embeddable":true,"href":"https:\/\/lismellow.com.br\/loja\/wp-json\/wp\/v2\/product_tag?post=2954"}],"curies":[{"name":"wp","href":"https:\/\/api.w.org\/{rel}","templated":true}]}}