{"id":2944,"date":"2025-10-30T03:46:13","date_gmt":"2025-10-30T03:46:13","guid":{"rendered":"https:\/\/lismellow.com.br\/loja\/?post_type=product&#038;p=2944"},"modified":"2025-12-16T19:42:14","modified_gmt":"2025-12-16T19:42:14","slug":"recheio-artesanal-creme-chocowafer-vabene-101kg","status":"publish","type":"product","link":"https:\/\/lismellow.com.br\/loja\/produto\/recheio-artesanal-creme-chocowafer-vabene-101kg\/","title":{"rendered":"Recheio Artesanal Creme Chocowafer Vabene 1,01kg"},"content":{"rendered":"<p>Produto com cremosidade e sabores exclusivos, a linha artesanal VaBene oferece recheios equilibrados com estrutura suave, valorizando suas receitas com um toque especial.<\/p>\n<p>Ideal Para:<br \/>\nIdeal para rechear tortas, bolos, pav\u00eas, cupcakes, sonhos e donuts.<\/p>\n<p>Informa\u00e7\u00f5es Importantes:<br \/>\nAinda fechado, manter em local seco e fresco. Ap\u00f3s aberto usar todo o conte\u00fado da embalagem. Caso n\u00e3o seja poss\u00edvel, fechar bem, manter o produto refrigerado (temperatura de 1\u00b0C a 8\u00b0C) e usar em at\u00e9 15 dias.<\/p>\n","protected":false},"excerpt":{"rendered":"<p>Produto com cremosidade e sabores exclusivos, a linha artesanal VaBene oferece recheios equilibrados com estrutura suave, valorizando suas receitas com um toque especial. Ideal Para: Ideal para rechear tortas, bolos, pav\u00eas, cupcakes, sonhos e donuts. Informa\u00e7\u00f5es Importantes: Ainda fechado, manter em local seco e fresco. Ap\u00f3s aberto usar todo o conte\u00fado da embalagem. Caso n\u00e3o [&hellip;]<\/p>\n","protected":false},"featured_media":2929,"comment_status":"open","ping_status":"closed","template":"","meta":{"pagelayer_contact_templates":[],"_pagelayer_content":"","_joinchat":[]},"product_brand":[],"product_cat":[188,184],"product_tag":[],"class_list":{"0":"post-2944","1":"product","2":"type-product","3":"status-publish","4":"has-post-thumbnail","6":"product_cat-recheios","7":"product_cat-vabene","9":"first","10":"onbackorder","11":"shipping-taxable","12":"product-type-simple"},"_links":{"self":[{"href":"https:\/\/lismellow.com.br\/loja\/wp-json\/wp\/v2\/product\/2944","targetHints":{"allow":["GET"]}}],"collection":[{"href":"https:\/\/lismellow.com.br\/loja\/wp-json\/wp\/v2\/product"}],"about":[{"href":"https:\/\/lismellow.com.br\/loja\/wp-json\/wp\/v2\/types\/product"}],"replies":[{"embeddable":true,"href":"https:\/\/lismellow.com.br\/loja\/wp-json\/wp\/v2\/comments?post=2944"}],"wp:featuredmedia":[{"embeddable":true,"href":"https:\/\/lismellow.com.br\/loja\/wp-json\/wp\/v2\/media\/2929"}],"wp:attachment":[{"href":"https:\/\/lismellow.com.br\/loja\/wp-json\/wp\/v2\/media?parent=2944"}],"wp:term":[{"taxonomy":"product_brand","embeddable":true,"href":"https:\/\/lismellow.com.br\/loja\/wp-json\/wp\/v2\/product_brand?post=2944"},{"taxonomy":"product_cat","embeddable":true,"href":"https:\/\/lismellow.com.br\/loja\/wp-json\/wp\/v2\/product_cat?post=2944"},{"taxonomy":"product_tag","embeddable":true,"href":"https:\/\/lismellow.com.br\/loja\/wp-json\/wp\/v2\/product_tag?post=2944"}],"curies":[{"name":"wp","href":"https:\/\/api.w.org\/{rel}","templated":true}]}}