{"id":2894,"date":"2025-10-29T21:28:41","date_gmt":"2025-10-29T21:28:41","guid":{"rendered":"https:\/\/lismellow.com.br\/loja\/?post_type=product&#038;p=2894"},"modified":"2025-11-28T16:47:57","modified_gmt":"2025-11-28T16:47:57","slug":"po-p-preparo-de-bebida-lactea-maracuja-base-agua-lismellow-1kg","status":"publish","type":"product","link":"https:\/\/lismellow.com.br\/loja\/produto\/po-p-preparo-de-bebida-lactea-maracuja-base-agua-lismellow-1kg\/","title":{"rendered":"P\u00f3 p\/ preparo de Bebida L\u00e1ctea Maracuj\u00e1 BASE \u00c1GUA Lismellow 1kg"},"content":{"rendered":"<p>Em breve<\/p>\n","protected":false},"excerpt":{"rendered":"<p>Em breve<\/p>\n","protected":false},"featured_media":2882,"comment_status":"open","ping_status":"closed","template":"","meta":{"pagelayer_contact_templates":[],"_pagelayer_content":"","_joinchat":[]},"product_brand":[],"product_cat":[178,196],"product_tag":[],"class_list":{"0":"post-2894","1":"product","2":"type-product","3":"status-publish","4":"has-post-thumbnail","6":"product_cat-bebida-lactea","7":"product_cat-lismellow","9":"first","10":"outofstock","11":"shipping-taxable","12":"purchasable","13":"product-type-simple"},"_links":{"self":[{"href":"https:\/\/lismellow.com.br\/loja\/wp-json\/wp\/v2\/product\/2894","targetHints":{"allow":["GET"]}}],"collection":[{"href":"https:\/\/lismellow.com.br\/loja\/wp-json\/wp\/v2\/product"}],"about":[{"href":"https:\/\/lismellow.com.br\/loja\/wp-json\/wp\/v2\/types\/product"}],"replies":[{"embeddable":true,"href":"https:\/\/lismellow.com.br\/loja\/wp-json\/wp\/v2\/comments?post=2894"}],"wp:featuredmedia":[{"embeddable":true,"href":"https:\/\/lismellow.com.br\/loja\/wp-json\/wp\/v2\/media\/2882"}],"wp:attachment":[{"href":"https:\/\/lismellow.com.br\/loja\/wp-json\/wp\/v2\/media?parent=2894"}],"wp:term":[{"taxonomy":"product_brand","embeddable":true,"href":"https:\/\/lismellow.com.br\/loja\/wp-json\/wp\/v2\/product_brand?post=2894"},{"taxonomy":"product_cat","embeddable":true,"href":"https:\/\/lismellow.com.br\/loja\/wp-json\/wp\/v2\/product_cat?post=2894"},{"taxonomy":"product_tag","embeddable":true,"href":"https:\/\/lismellow.com.br\/loja\/wp-json\/wp\/v2\/product_tag?post=2894"}],"curies":[{"name":"wp","href":"https:\/\/api.w.org\/{rel}","templated":true}]}}