{"id":2849,"date":"2025-10-29T21:03:13","date_gmt":"2025-10-29T21:03:13","guid":{"rendered":"https:\/\/lismellow.com.br\/loja\/?post_type=product&#038;p=2849"},"modified":"2025-12-01T20:19:09","modified_gmt":"2025-12-01T20:19:09","slug":"canudo-biju-baunilha-marvi-1kg","status":"publish","type":"product","link":"https:\/\/lismellow.com.br\/loja\/produto\/canudo-biju-baunilha-marvi-1kg\/","title":{"rendered":"Canudo Biju Baunilha Marvi 1kg"},"content":{"rendered":"<p>Os canudos de Biju Marvi Baunilha s\u00e3o crocantes e saborosos, perfeitos para complementar seu sorvete, sobremesa ou acompanhar um delicioso caf\u00e9zinho. Al\u00e9m de uma saborosa sobremesa, servem como decora\u00e7\u00f5es de doces e bolos.<\/p>\n","protected":false},"excerpt":{"rendered":"<p>Os canudos de Biju Marvi Baunilha s\u00e3o crocantes e saborosos, perfeitos para complementar seu sorvete, sobremesa ou acompanhar um delicioso caf\u00e9zinho. Al\u00e9m de uma saborosa sobremesa, servem como decora\u00e7\u00f5es de doces e bolos.<\/p>\n","protected":false},"featured_media":2826,"comment_status":"open","ping_status":"closed","template":"","meta":{"pagelayer_contact_templates":[],"_pagelayer_content":"","_joinchat":[]},"product_brand":[],"product_cat":[198,182],"product_tag":[],"class_list":{"0":"post-2849","1":"product","2":"type-product","3":"status-publish","4":"has-post-thumbnail","6":"product_cat-casquinhas","7":"product_cat-marvi","9":"first","10":"outofstock","11":"shipping-taxable","12":"purchasable","13":"product-type-simple"},"_links":{"self":[{"href":"https:\/\/lismellow.com.br\/loja\/wp-json\/wp\/v2\/product\/2849","targetHints":{"allow":["GET"]}}],"collection":[{"href":"https:\/\/lismellow.com.br\/loja\/wp-json\/wp\/v2\/product"}],"about":[{"href":"https:\/\/lismellow.com.br\/loja\/wp-json\/wp\/v2\/types\/product"}],"replies":[{"embeddable":true,"href":"https:\/\/lismellow.com.br\/loja\/wp-json\/wp\/v2\/comments?post=2849"}],"wp:featuredmedia":[{"embeddable":true,"href":"https:\/\/lismellow.com.br\/loja\/wp-json\/wp\/v2\/media\/2826"}],"wp:attachment":[{"href":"https:\/\/lismellow.com.br\/loja\/wp-json\/wp\/v2\/media?parent=2849"}],"wp:term":[{"taxonomy":"product_brand","embeddable":true,"href":"https:\/\/lismellow.com.br\/loja\/wp-json\/wp\/v2\/product_brand?post=2849"},{"taxonomy":"product_cat","embeddable":true,"href":"https:\/\/lismellow.com.br\/loja\/wp-json\/wp\/v2\/product_cat?post=2849"},{"taxonomy":"product_tag","embeddable":true,"href":"https:\/\/lismellow.com.br\/loja\/wp-json\/wp\/v2\/product_tag?post=2849"}],"curies":[{"name":"wp","href":"https:\/\/api.w.org\/{rel}","templated":true}]}}