{"id":2733,"date":"2025-10-29T20:10:38","date_gmt":"2025-10-29T20:10:38","guid":{"rendered":"https:\/\/lismellow.com.br\/loja\/?post_type=product&#038;p=2733"},"modified":"2025-12-01T20:26:06","modified_gmt":"2025-12-01T20:26:06","slug":"variegato-morango-marvi-4kg","status":"publish","type":"product","link":"https:\/\/lismellow.com.br\/loja\/produto\/variegato-morango-marvi-4kg\/","title":{"rendered":"Variegato Morango Marvi 4kg"},"content":{"rendered":"<p>Cremonella Variegato sabor MORANGO com polpa de fruta.<\/p>\n<p>Intenso sapore di frutta!<\/p>\n<p>Com um toque sofisticado e a tradi\u00e7\u00e3o da qualidade Marvi, o Cremonella Variegato \u00e9 feito com polpa de frutas trazendo uma explos\u00e3o de sabor ao seu produto.<\/p>\n<p>Aplique em sorvetes, gelatos, bolos, sobremesas e tortas para dar um toque cremoso com uma cor incr\u00edvel.<\/p>\n","protected":false},"excerpt":{"rendered":"<p>Cremonella Variegato sabor MORANGO com polpa de fruta. Intenso sapore di frutta! Com um toque sofisticado e a tradi\u00e7\u00e3o da qualidade Marvi, o Cremonella Variegato \u00e9 feito com polpa de frutas trazendo uma explos\u00e3o de sabor ao seu produto. Aplique em sorvetes, gelatos, bolos, sobremesas e tortas para dar um toque cremoso com uma cor [&hellip;]<\/p>\n","protected":false},"featured_media":2730,"comment_status":"open","ping_status":"closed","template":"","meta":{"pagelayer_contact_templates":[],"_pagelayer_content":"","_joinchat":[]},"product_brand":[],"product_cat":[182,183],"product_tag":[],"class_list":{"0":"post-2733","1":"product","2":"type-product","3":"status-publish","4":"has-post-thumbnail","6":"product_cat-marvi","7":"product_cat-variegatos","9":"first","10":"outofstock","11":"shipping-taxable","12":"purchasable","13":"product-type-simple"},"_links":{"self":[{"href":"https:\/\/lismellow.com.br\/loja\/wp-json\/wp\/v2\/product\/2733","targetHints":{"allow":["GET"]}}],"collection":[{"href":"https:\/\/lismellow.com.br\/loja\/wp-json\/wp\/v2\/product"}],"about":[{"href":"https:\/\/lismellow.com.br\/loja\/wp-json\/wp\/v2\/types\/product"}],"replies":[{"embeddable":true,"href":"https:\/\/lismellow.com.br\/loja\/wp-json\/wp\/v2\/comments?post=2733"}],"wp:featuredmedia":[{"embeddable":true,"href":"https:\/\/lismellow.com.br\/loja\/wp-json\/wp\/v2\/media\/2730"}],"wp:attachment":[{"href":"https:\/\/lismellow.com.br\/loja\/wp-json\/wp\/v2\/media?parent=2733"}],"wp:term":[{"taxonomy":"product_brand","embeddable":true,"href":"https:\/\/lismellow.com.br\/loja\/wp-json\/wp\/v2\/product_brand?post=2733"},{"taxonomy":"product_cat","embeddable":true,"href":"https:\/\/lismellow.com.br\/loja\/wp-json\/wp\/v2\/product_cat?post=2733"},{"taxonomy":"product_tag","embeddable":true,"href":"https:\/\/lismellow.com.br\/loja\/wp-json\/wp\/v2\/product_tag?post=2733"}],"curies":[{"name":"wp","href":"https:\/\/api.w.org\/{rel}","templated":true}]}}