{"id":2714,"date":"2025-10-29T19:56:58","date_gmt":"2025-10-29T19:56:58","guid":{"rendered":"https:\/\/lismellow.com.br\/loja\/?post_type=product&#038;p=2714"},"modified":"2025-12-01T20:27:48","modified_gmt":"2025-12-01T20:27:48","slug":"doreliga-g2-doremus-1kg","status":"publish","type":"product","link":"https:\/\/lismellow.com.br\/loja\/produto\/doreliga-g2-doremus-1kg\/","title":{"rendered":"Doreliga G2 Doremus 1kg"},"content":{"rendered":"<p>Mistura de 3 diferentes gomas para sorvetes e picol\u00e9s.<\/p>\n<p>Destaque: Promove o congelamento ideal evitando a forma\u00e7\u00e3o de cristais de gelo.<br \/>\n&#8211; Hidrata a calda \u00e0 temperatura ambiente.<br \/>\n&#8211; Aumenta a viscosidade da calda contribuindo com o corpo do sorvete.<br \/>\n&#8211; Confere mais cremosidade.<\/p>\n<p>Modo de uso: Adicionar 2 gramas por Kg de calda pronta. Para facilitar o uso, fazer uma pr\u00e9-mistura com o a\u00e7\u00facar da receita.<\/p>\n<p>Ingredientes: A\u00e7\u00facar, emulsificante estabilizantes goma guar (INS412), goma xantana (INS415) e carboximetilcelulose (INS466).<\/p>\n<p>N\u00e3o cont\u00e9m gl\u00faten. <\/p>\n<p>Al\u00e9rgicos: Pode conter derivados de leite.<\/p>\n","protected":false},"excerpt":{"rendered":"<p>Mistura de 3 diferentes gomas para sorvetes e picol\u00e9s. Destaque: Promove o congelamento ideal evitando a forma\u00e7\u00e3o de cristais de gelo. &#8211; Hidrata a calda \u00e0 temperatura ambiente. &#8211; Aumenta a viscosidade da calda contribuindo com o corpo do sorvete. &#8211; Confere mais cremosidade. Modo de uso: Adicionar 2 gramas por Kg de calda pronta. [&hellip;]<\/p>\n","protected":false},"featured_media":2711,"comment_status":"open","ping_status":"closed","template":"","meta":{"pagelayer_contact_templates":[],"_pagelayer_content":"","_joinchat":[]},"product_brand":[],"product_cat":[189,200],"product_tag":[],"class_list":{"0":"post-2714","1":"product","2":"type-product","3":"status-publish","4":"has-post-thumbnail","6":"product_cat-doremus","7":"product_cat-ligas","9":"first","10":"outofstock","11":"shipping-taxable","12":"purchasable","13":"product-type-simple"},"_links":{"self":[{"href":"https:\/\/lismellow.com.br\/loja\/wp-json\/wp\/v2\/product\/2714","targetHints":{"allow":["GET"]}}],"collection":[{"href":"https:\/\/lismellow.com.br\/loja\/wp-json\/wp\/v2\/product"}],"about":[{"href":"https:\/\/lismellow.com.br\/loja\/wp-json\/wp\/v2\/types\/product"}],"replies":[{"embeddable":true,"href":"https:\/\/lismellow.com.br\/loja\/wp-json\/wp\/v2\/comments?post=2714"}],"wp:featuredmedia":[{"embeddable":true,"href":"https:\/\/lismellow.com.br\/loja\/wp-json\/wp\/v2\/media\/2711"}],"wp:attachment":[{"href":"https:\/\/lismellow.com.br\/loja\/wp-json\/wp\/v2\/media?parent=2714"}],"wp:term":[{"taxonomy":"product_brand","embeddable":true,"href":"https:\/\/lismellow.com.br\/loja\/wp-json\/wp\/v2\/product_brand?post=2714"},{"taxonomy":"product_cat","embeddable":true,"href":"https:\/\/lismellow.com.br\/loja\/wp-json\/wp\/v2\/product_cat?post=2714"},{"taxonomy":"product_tag","embeddable":true,"href":"https:\/\/lismellow.com.br\/loja\/wp-json\/wp\/v2\/product_tag?post=2714"}],"curies":[{"name":"wp","href":"https:\/\/api.w.org\/{rel}","templated":true}]}}