{"id":2703,"date":"2025-10-29T19:46:57","date_gmt":"2025-10-29T19:46:57","guid":{"rendered":"https:\/\/lismellow.com.br\/loja\/?post_type=product&#038;p=2703"},"modified":"2025-12-01T20:29:07","modified_gmt":"2025-12-01T20:29:07","slug":"pasta-saborizante-nozes-vabene-2kg","status":"publish","type":"product","link":"https:\/\/lismellow.com.br\/loja\/produto\/pasta-saborizante-nozes-vabene-2kg\/","title":{"rendered":"Pasta Saborizante Nozes Vabene 2kg"},"content":{"rendered":"<p>Desenvolvidas para produ\u00e7\u00f5es artesanais ou industriais, esta linha oferece uma diversidade de sabores e texturas com experi\u00eancias sensoriais \u00fanicas. Com alto rendimento e de f\u00e1cil aplica\u00e7\u00e3o, a linha confere notas aut\u00eanticas e equilibradas, preservando os aromas naturais de cada ingrediente.<\/p>\n<p>Ideal para:<br \/>\nAplica\u00e7\u00e3o em gelaterias, sorvetes, milkshakes, receitas de confeitaria como coberturas e recheios.<\/p>\n<p>Importante:<br \/>\nPode haver separa\u00e7\u00e3o de fases entre \u00f3leos e s\u00f3lidos. Antes de utilizar, misturar bem o produto com aux\u00edlio de um utens\u00edlio limpo e seco. Produto semi elaborado exclusivamente destinado \u00e0 produ\u00e7\u00f5es artesanais e industriais. N\u00e3o indicado o consumo direto.<\/p>\n<p>Armazenamento:<br \/>\nPara melhor conserva\u00e7\u00e3o, manter a embalagem devidamente fechada em local seco, fresco e inodoro. Depois de aberto, manter sob as mesmas condi\u00e7\u00f5es e consumir at\u00e9 a data de validade. Data de fabrica\u00e7\u00e3o e validade vide tampa.<\/p>\n<p>Ingredientes:<br \/>\nA\u00e7\u00facar, \u00e1gua, xarope de glicose, a\u00e7\u00facar invertido, acidulante \u00e1cido c\u00edtrico, aromatizante, conservante sorbato de pot\u00e1ssio, corante arti\u00adcial vermelho 40 e espessante pectina.<\/p>\n<p>AL\u00c9RGICOS:<br \/>\nPode conter leite, soja e cevada. cont\u00e9m gl\u00faten.<\/p>\n","protected":false},"excerpt":{"rendered":"<p>Desenvolvidas para produ\u00e7\u00f5es artesanais ou industriais, esta linha oferece uma diversidade de sabores e texturas com experi\u00eancias sensoriais \u00fanicas. Com alto rendimento e de f\u00e1cil aplica\u00e7\u00e3o, a linha confere notas aut\u00eanticas e equilibradas, preservando os aromas naturais de cada ingrediente. Ideal para: Aplica\u00e7\u00e3o em gelaterias, sorvetes, milkshakes, receitas de confeitaria como coberturas e recheios. Importante: [&hellip;]<\/p>\n","protected":false},"featured_media":2695,"comment_status":"open","ping_status":"closed","template":"","meta":{"pagelayer_contact_templates":[],"_pagelayer_content":"","_joinchat":[]},"product_brand":[],"product_cat":[195,184],"product_tag":[],"class_list":{"0":"post-2703","1":"product","2":"type-product","3":"status-publish","4":"has-post-thumbnail","6":"product_cat-bases-saborizantes","7":"product_cat-vabene","9":"first","10":"outofstock","11":"shipping-taxable","12":"purchasable","13":"product-type-simple"},"_links":{"self":[{"href":"https:\/\/lismellow.com.br\/loja\/wp-json\/wp\/v2\/product\/2703","targetHints":{"allow":["GET"]}}],"collection":[{"href":"https:\/\/lismellow.com.br\/loja\/wp-json\/wp\/v2\/product"}],"about":[{"href":"https:\/\/lismellow.com.br\/loja\/wp-json\/wp\/v2\/types\/product"}],"replies":[{"embeddable":true,"href":"https:\/\/lismellow.com.br\/loja\/wp-json\/wp\/v2\/comments?post=2703"}],"wp:featuredmedia":[{"embeddable":true,"href":"https:\/\/lismellow.com.br\/loja\/wp-json\/wp\/v2\/media\/2695"}],"wp:attachment":[{"href":"https:\/\/lismellow.com.br\/loja\/wp-json\/wp\/v2\/media?parent=2703"}],"wp:term":[{"taxonomy":"product_brand","embeddable":true,"href":"https:\/\/lismellow.com.br\/loja\/wp-json\/wp\/v2\/product_brand?post=2703"},{"taxonomy":"product_cat","embeddable":true,"href":"https:\/\/lismellow.com.br\/loja\/wp-json\/wp\/v2\/product_cat?post=2703"},{"taxonomy":"product_tag","embeddable":true,"href":"https:\/\/lismellow.com.br\/loja\/wp-json\/wp\/v2\/product_tag?post=2703"}],"curies":[{"name":"wp","href":"https:\/\/api.w.org\/{rel}","templated":true}]}}