{"id":2588,"date":"2025-10-29T15:55:38","date_gmt":"2025-10-29T15:55:38","guid":{"rendered":"https:\/\/lismellow.com.br\/loja\/?post_type=product&#038;p=2588"},"modified":"2025-12-01T20:46:54","modified_gmt":"2025-12-01T20:46:54","slug":"crocante-caramelo-salgado-vabene-105kg","status":"publish","type":"product","link":"https:\/\/lismellow.com.br\/loja\/produto\/crocante-caramelo-salgado-vabene-105kg\/","title":{"rendered":"Crocante Caramelo Salgado Vabene 1,05kg"},"content":{"rendered":"<p>Os Crocantes VaBene se diferenciam do mercado pois, mesmo em situa\u00e7\u00f5es de clima desfavor\u00e1vel (excesso de calor ou umidade), o produto se mant\u00e9m solto e apropriado a aplica\u00e7\u00e3o.<\/p>\n<p>Ideal Para:<br \/>\nAplica\u00e7\u00e3o em sorvetes (perfeito para fazer o sabor sorvete crocante) e em receitas de confeitaria como recheio, cobertura ou decora\u00e7\u00e3o de bolos, tortas e p\u00e3es. \u00c9 muito utilizado para decora\u00e7\u00e3o da tradicional torta Marta Rocha. Em chocolateria \u00e9 utilizado como inclus\u00e3o em recheios chocolates, ovos de P\u00e1scoa, bombons, entre outros.<\/p>\n<p>Informa\u00e7\u00f5es Importantes:<br \/>\nPara melhor conserva\u00e7\u00e3o e preven\u00e7\u00e3o contra compacta\u00e7\u00e3o ou aglomera\u00e7\u00e3o do produto, manter a embalagem devidamente fechada e em local seco, fresco e inodoro. Depois de aberto, consumir em at\u00e9 15 dias. Data de fabrica\u00e7\u00e3o e validade vide tampa.<\/p>\n<p>NOVA COMPOSI\u00c7\u00c3O<\/p>\n<p>Ingredientes:<br \/>\nA\u00e7\u00facar, xarope de glicose, gordura vegetal, leite em p\u00f3, sal, emulsificantes mono e diglicer\u00eddeos de \u00e1cidos graxos e lecitina de soja e aromatizante.<\/p>\n<p>AL\u00c9RGICOS:<br \/>\nCONT\u00c9M DERIVADOS DE LEITE E SOJA. PODE CONTER AMENDOIM, AM\u00caNDOA, CASTANHA-DE-CAJU E CEVADA. CONT\u00c9M LACTOSE. CONT\u00c9M GL\u00daTEN.<\/p>\n","protected":false},"excerpt":{"rendered":"<p>Os Crocantes VaBene se diferenciam do mercado pois, mesmo em situa\u00e7\u00f5es de clima desfavor\u00e1vel (excesso de calor ou umidade), o produto se mant\u00e9m solto e apropriado a aplica\u00e7\u00e3o. Ideal Para: Aplica\u00e7\u00e3o em sorvetes (perfeito para fazer o sabor sorvete crocante) e em receitas de confeitaria como recheio, cobertura ou decora\u00e7\u00e3o de bolos, tortas e p\u00e3es. [&hellip;]<\/p>\n","protected":false},"featured_media":2574,"comment_status":"open","ping_status":"closed","template":"","meta":{"pagelayer_contact_templates":[],"_pagelayer_content":"","_joinchat":[]},"product_brand":[],"product_cat":[186,184],"product_tag":[],"class_list":{"0":"post-2588","1":"product","2":"type-product","3":"status-publish","4":"has-post-thumbnail","6":"product_cat-complementos","7":"product_cat-vabene","9":"first","10":"outofstock","11":"shipping-taxable","12":"purchasable","13":"product-type-simple"},"_links":{"self":[{"href":"https:\/\/lismellow.com.br\/loja\/wp-json\/wp\/v2\/product\/2588","targetHints":{"allow":["GET"]}}],"collection":[{"href":"https:\/\/lismellow.com.br\/loja\/wp-json\/wp\/v2\/product"}],"about":[{"href":"https:\/\/lismellow.com.br\/loja\/wp-json\/wp\/v2\/types\/product"}],"replies":[{"embeddable":true,"href":"https:\/\/lismellow.com.br\/loja\/wp-json\/wp\/v2\/comments?post=2588"}],"wp:featuredmedia":[{"embeddable":true,"href":"https:\/\/lismellow.com.br\/loja\/wp-json\/wp\/v2\/media\/2574"}],"wp:attachment":[{"href":"https:\/\/lismellow.com.br\/loja\/wp-json\/wp\/v2\/media?parent=2588"}],"wp:term":[{"taxonomy":"product_brand","embeddable":true,"href":"https:\/\/lismellow.com.br\/loja\/wp-json\/wp\/v2\/product_brand?post=2588"},{"taxonomy":"product_cat","embeddable":true,"href":"https:\/\/lismellow.com.br\/loja\/wp-json\/wp\/v2\/product_cat?post=2588"},{"taxonomy":"product_tag","embeddable":true,"href":"https:\/\/lismellow.com.br\/loja\/wp-json\/wp\/v2\/product_tag?post=2588"}],"curies":[{"name":"wp","href":"https:\/\/api.w.org\/{rel}","templated":true}]}}