{"id":2584,"date":"2025-10-29T15:40:30","date_gmt":"2025-10-29T15:40:30","guid":{"rendered":"https:\/\/lismellow.com.br\/loja\/?post_type=product&#038;p=2584"},"modified":"2025-12-01T20:47:20","modified_gmt":"2025-12-01T20:47:20","slug":"farofa-crocante-de-amendoim-vabene-105kg","status":"publish","type":"product","link":"https:\/\/lismellow.com.br\/loja\/produto\/farofa-crocante-de-amendoim-vabene-105kg\/","title":{"rendered":"Farofa Crocante de Amendoim Vabene 1,05kg"},"content":{"rendered":"<p>Produto com muita croc\u00e2ncia, pronto para aplica\u00e7\u00e3o.<\/p>\n<p>Ideal Para:<br \/>\nAplica\u00e7\u00e3o em buffets de sorvetes e milkshakes e em receitas de confeitaria como recheio, cobertura ou decora\u00e7\u00e3o de bolos, tortas e p\u00e3es.<\/p>\n<p>Informa\u00e7\u00f5es Importantes:<br \/>\nEste produto \u00e9 embalado em atmosfera modificada para preservar suas caracter\u00edsticas de sabor e mant\u00ea-lo crocante. Ainda fechado, manter em local seco e fresco. Depois de aberto, guardar em lugar fresco e seco e consumir em at\u00e9 15 dias.<\/p>\n<p>NOVA COMPOSI\u00c7\u00c3O<\/p>\n<p>Ingredientes:<br \/>\nAmendoim, xarope de glicose, a\u00e7\u00facar, a\u00e7\u00facar invertido e sal.<\/p>\n<p>AL\u00c9RGICOS:<br \/>\nCONT\u00c9M AMENDOIM. PODE CONTER AM\u00caNDOA, AVEL\u00c3, CASTANHA-DE-CAJU, CASTANHA-DO-PAR\u00c1, LEITE E CEVADA. CONT\u00c9M GL\u00daTEN.<\/p>\n<p>* Sem colesterol como todo produto de origem vegetal.<\/p>\n","protected":false},"excerpt":{"rendered":"<p>Produto com muita croc\u00e2ncia, pronto para aplica\u00e7\u00e3o. Ideal Para: Aplica\u00e7\u00e3o em buffets de sorvetes e milkshakes e em receitas de confeitaria como recheio, cobertura ou decora\u00e7\u00e3o de bolos, tortas e p\u00e3es. Informa\u00e7\u00f5es Importantes: Este produto \u00e9 embalado em atmosfera modificada para preservar suas caracter\u00edsticas de sabor e mant\u00ea-lo crocante. Ainda fechado, manter em local seco [&hellip;]<\/p>\n","protected":false},"featured_media":2573,"comment_status":"open","ping_status":"closed","template":"","meta":{"pagelayer_contact_templates":[],"_pagelayer_content":"","_joinchat":[]},"product_brand":[],"product_cat":[186,184],"product_tag":[],"class_list":{"0":"post-2584","1":"product","2":"type-product","3":"status-publish","4":"has-post-thumbnail","6":"product_cat-complementos","7":"product_cat-vabene","9":"first","10":"outofstock","11":"shipping-taxable","12":"purchasable","13":"product-type-simple"},"_links":{"self":[{"href":"https:\/\/lismellow.com.br\/loja\/wp-json\/wp\/v2\/product\/2584","targetHints":{"allow":["GET"]}}],"collection":[{"href":"https:\/\/lismellow.com.br\/loja\/wp-json\/wp\/v2\/product"}],"about":[{"href":"https:\/\/lismellow.com.br\/loja\/wp-json\/wp\/v2\/types\/product"}],"replies":[{"embeddable":true,"href":"https:\/\/lismellow.com.br\/loja\/wp-json\/wp\/v2\/comments?post=2584"}],"wp:featuredmedia":[{"embeddable":true,"href":"https:\/\/lismellow.com.br\/loja\/wp-json\/wp\/v2\/media\/2573"}],"wp:attachment":[{"href":"https:\/\/lismellow.com.br\/loja\/wp-json\/wp\/v2\/media?parent=2584"}],"wp:term":[{"taxonomy":"product_brand","embeddable":true,"href":"https:\/\/lismellow.com.br\/loja\/wp-json\/wp\/v2\/product_brand?post=2584"},{"taxonomy":"product_cat","embeddable":true,"href":"https:\/\/lismellow.com.br\/loja\/wp-json\/wp\/v2\/product_cat?post=2584"},{"taxonomy":"product_tag","embeddable":true,"href":"https:\/\/lismellow.com.br\/loja\/wp-json\/wp\/v2\/product_tag?post=2584"}],"curies":[{"name":"wp","href":"https:\/\/api.w.org\/{rel}","templated":true}]}}