{"id":2582,"date":"2025-10-29T15:37:46","date_gmt":"2025-10-29T15:37:46","guid":{"rendered":"https:\/\/lismellow.com.br\/loja\/?post_type=product&#038;p=2582"},"modified":"2025-12-01T20:47:33","modified_gmt":"2025-12-01T20:47:33","slug":"cookie-granulado-em-gotas-vabene-1kg","status":"publish","type":"product","link":"https:\/\/lismellow.com.br\/loja\/produto\/cookie-granulado-em-gotas-vabene-1kg\/","title":{"rendered":"Cookie Granulado em gotas Vabene 1kg"},"content":{"rendered":"<p>Cookies no formato de gotas, feito a base do mais nobre biscoito de chocolate escuro.<\/p>\n<p>Ideal Para:<br \/>\nAplica\u00e7\u00e3o em sorvetes e milk shakes e em receitas de confeitaria como recheio, cobertura ou decora\u00e7\u00e3o de bolos, tortas e p\u00e3es. Em chocolateria \u00e9 utilizado como inclus\u00e3o em recheios de chocolates, ovos de P\u00e1scoa, bombons, entre outros.<\/p>\n<p>Aviso Importante:<br \/>\nAinda fechado, manter em local seco e fresco. Ap\u00f3s aberto, usar todo o conte\u00fado da embalagem. Caso n\u00e3o seja poss\u00edvel, fechar bem e manter o produto protegido de umidade, usando em at\u00e9 10 dias.<\/p>\n<p>Ingredientes:<br \/>\nFarinha de trigo enriquecida com ferro e \u00e1cido f\u00f3lico, a\u00e7\u00facar, gordura vegetal, cacau em p\u00f3, sal, corante caramelo III, emulsificante lecitina de soja, fermentos qu\u00edmicos bicarbonato de s\u00f3dio e bicarbonato de am\u00f4nio e aromatizante.<\/p>\n<p>AL\u00c9RGICOS:<br \/>\nCONT\u00c9M DERIVADOS DE TRIGO E DE SOJA. PODE CONTER AVEIA, CENTEIO E CEVADA. CONT\u00c9M GL\u00daTEN.<\/p>\n<p>Prazo de Validade: 12 meses.<\/p>\n","protected":false},"excerpt":{"rendered":"<p>Cookies no formato de gotas, feito a base do mais nobre biscoito de chocolate escuro. Ideal Para: Aplica\u00e7\u00e3o em sorvetes e milk shakes e em receitas de confeitaria como recheio, cobertura ou decora\u00e7\u00e3o de bolos, tortas e p\u00e3es. Em chocolateria \u00e9 utilizado como inclus\u00e3o em recheios de chocolates, ovos de P\u00e1scoa, bombons, entre outros. Aviso [&hellip;]<\/p>\n","protected":false},"featured_media":2571,"comment_status":"open","ping_status":"closed","template":"","meta":{"pagelayer_contact_templates":[],"_pagelayer_content":"","_joinchat":[]},"product_brand":[],"product_cat":[186,184],"product_tag":[],"class_list":{"0":"post-2582","1":"product","2":"type-product","3":"status-publish","4":"has-post-thumbnail","6":"product_cat-complementos","7":"product_cat-vabene","9":"first","10":"outofstock","11":"shipping-taxable","12":"purchasable","13":"product-type-simple"},"_links":{"self":[{"href":"https:\/\/lismellow.com.br\/loja\/wp-json\/wp\/v2\/product\/2582","targetHints":{"allow":["GET"]}}],"collection":[{"href":"https:\/\/lismellow.com.br\/loja\/wp-json\/wp\/v2\/product"}],"about":[{"href":"https:\/\/lismellow.com.br\/loja\/wp-json\/wp\/v2\/types\/product"}],"replies":[{"embeddable":true,"href":"https:\/\/lismellow.com.br\/loja\/wp-json\/wp\/v2\/comments?post=2582"}],"wp:featuredmedia":[{"embeddable":true,"href":"https:\/\/lismellow.com.br\/loja\/wp-json\/wp\/v2\/media\/2571"}],"wp:attachment":[{"href":"https:\/\/lismellow.com.br\/loja\/wp-json\/wp\/v2\/media?parent=2582"}],"wp:term":[{"taxonomy":"product_brand","embeddable":true,"href":"https:\/\/lismellow.com.br\/loja\/wp-json\/wp\/v2\/product_brand?post=2582"},{"taxonomy":"product_cat","embeddable":true,"href":"https:\/\/lismellow.com.br\/loja\/wp-json\/wp\/v2\/product_cat?post=2582"},{"taxonomy":"product_tag","embeddable":true,"href":"https:\/\/lismellow.com.br\/loja\/wp-json\/wp\/v2\/product_tag?post=2582"}],"curies":[{"name":"wp","href":"https:\/\/api.w.org\/{rel}","templated":true}]}}