{"id":2578,"date":"2025-10-29T15:32:29","date_gmt":"2025-10-29T15:32:29","guid":{"rendered":"https:\/\/lismellow.com.br\/loja\/?post_type=product&#038;p=2578"},"modified":"2025-12-01T20:47:56","modified_gmt":"2025-12-01T20:47:56","slug":"flocos-crocantes-chocolate-vabene-750g","status":"publish","type":"product","link":"https:\/\/lismellow.com.br\/loja\/produto\/flocos-crocantes-chocolate-vabene-750g\/","title":{"rendered":"Flocos Crocantes Chocolate Vabene 750g"},"content":{"rendered":"<p>O Flocos Crocante de Chocolate s\u00e3o perfeitos para deixar as sobremesas ainda mais saborosas e com um toque de crocancia!<\/p>\n<p>Ideal Para:<br \/>\nAplica\u00e7\u00e3o em milkshakes e em receitas de confeitaria como recheio, cobertura ou decora\u00e7\u00e3o de bolos, tortas. Em chocolateria \u00e9 utilizado como inclus\u00e3o em recheios de chocolates, ovos de P\u00e1scoa, bombons, entre outros.<\/p>\n<p>Informa\u00e7\u00f5es Importantes:<br \/>\nConservar a embalagem em local seco, fresco e inodoro. Ap\u00f3s abrir o pacote, despejar o conte\u00fado em um pote com boa veda\u00e7\u00e3o e manter o produto longe da umidade e evitar sua exposi\u00e7\u00e3o ao ar ambiente para prevenir sua solidifica\u00e7\u00e3o. Ap\u00f3s aberto, consumir em at\u00e9 30 dias.<\/p>\n<p>NOVA COMPOSI\u00c7\u00c3O<br \/>\nIngredientes:<br \/>\nA\u00e7\u00facar, xarope de glicose, a\u00e7\u00facar invertido, cacau em p\u00f3, gordura vegetal, extrato de malte, corante caramelo III e aromatizante.<\/p>\n<p>AL\u00c9RGICOS:<br \/>\nCONT\u00c9M DERIVADOS DE CEVADA. PODE CONTER AMENDOIM, AVEL\u00c3, CASTANHA-DE-CAJU, SOJA E LEITE. CONT\u00c9M GL\u00daTEN.<\/p>\n","protected":false},"excerpt":{"rendered":"<p>O Flocos Crocante de Chocolate s\u00e3o perfeitos para deixar as sobremesas ainda mais saborosas e com um toque de crocancia! Ideal Para: Aplica\u00e7\u00e3o em milkshakes e em receitas de confeitaria como recheio, cobertura ou decora\u00e7\u00e3o de bolos, tortas. Em chocolateria \u00e9 utilizado como inclus\u00e3o em recheios de chocolates, ovos de P\u00e1scoa, bombons, entre outros. Informa\u00e7\u00f5es [&hellip;]<\/p>\n","protected":false},"featured_media":2572,"comment_status":"open","ping_status":"closed","template":"","meta":{"pagelayer_contact_templates":[],"_pagelayer_content":"","_joinchat":[]},"product_brand":[],"product_cat":[186,184],"product_tag":[],"class_list":{"0":"post-2578","1":"product","2":"type-product","3":"status-publish","4":"has-post-thumbnail","6":"product_cat-complementos","7":"product_cat-vabene","9":"first","10":"outofstock","11":"shipping-taxable","12":"purchasable","13":"product-type-simple"},"_links":{"self":[{"href":"https:\/\/lismellow.com.br\/loja\/wp-json\/wp\/v2\/product\/2578","targetHints":{"allow":["GET"]}}],"collection":[{"href":"https:\/\/lismellow.com.br\/loja\/wp-json\/wp\/v2\/product"}],"about":[{"href":"https:\/\/lismellow.com.br\/loja\/wp-json\/wp\/v2\/types\/product"}],"replies":[{"embeddable":true,"href":"https:\/\/lismellow.com.br\/loja\/wp-json\/wp\/v2\/comments?post=2578"}],"wp:featuredmedia":[{"embeddable":true,"href":"https:\/\/lismellow.com.br\/loja\/wp-json\/wp\/v2\/media\/2572"}],"wp:attachment":[{"href":"https:\/\/lismellow.com.br\/loja\/wp-json\/wp\/v2\/media?parent=2578"}],"wp:term":[{"taxonomy":"product_brand","embeddable":true,"href":"https:\/\/lismellow.com.br\/loja\/wp-json\/wp\/v2\/product_brand?post=2578"},{"taxonomy":"product_cat","embeddable":true,"href":"https:\/\/lismellow.com.br\/loja\/wp-json\/wp\/v2\/product_cat?post=2578"},{"taxonomy":"product_tag","embeddable":true,"href":"https:\/\/lismellow.com.br\/loja\/wp-json\/wp\/v2\/product_tag?post=2578"}],"curies":[{"name":"wp","href":"https:\/\/api.w.org\/{rel}","templated":true}]}}