{"id":2567,"date":"2025-10-29T15:25:51","date_gmt":"2025-10-29T15:25:51","guid":{"rendered":"https:\/\/lismellow.com.br\/loja\/?post_type=product&#038;p=2567"},"modified":"2025-12-01T20:48:25","modified_gmt":"2025-12-01T20:48:25","slug":"granulado-colorido-ki-kakau-500g","status":"publish","type":"product","link":"https:\/\/lismellow.com.br\/loja\/produto\/granulado-colorido-ki-kakau-500g\/","title":{"rendered":"Granulado Colorido Ki-Kakau 500g"},"content":{"rendered":"<p>Transforme seus doces em uma explos\u00e3o de cores com o Granulado Colorido!<\/p>\n<p> Deixe sua imagina\u00e7\u00e3o voar e traga vida aos seus preparos com o Granulado Colorido. Cada gr\u00e3ozinho \u00e9 uma oportunidade de adicionar alegria, divers\u00e3o e um toque especial de vivacidade aos seus doces.<\/p>\n","protected":false},"excerpt":{"rendered":"<p>Transforme seus doces em uma explos\u00e3o de cores com o Granulado Colorido! Deixe sua imagina\u00e7\u00e3o voar e traga vida aos seus preparos com o Granulado Colorido. Cada gr\u00e3ozinho \u00e9 uma oportunidade de adicionar alegria, divers\u00e3o e um toque especial de vivacidade aos seus doces.<\/p>\n","protected":false},"featured_media":2569,"comment_status":"open","ping_status":"closed","template":"","meta":{"pagelayer_contact_templates":[],"_pagelayer_content":"","_joinchat":[]},"product_brand":[],"product_cat":[186],"product_tag":[],"class_list":{"0":"post-2567","1":"product","2":"type-product","3":"status-publish","4":"has-post-thumbnail","6":"product_cat-complementos","8":"first","9":"outofstock","10":"shipping-taxable","11":"purchasable","12":"product-type-simple"},"_links":{"self":[{"href":"https:\/\/lismellow.com.br\/loja\/wp-json\/wp\/v2\/product\/2567","targetHints":{"allow":["GET"]}}],"collection":[{"href":"https:\/\/lismellow.com.br\/loja\/wp-json\/wp\/v2\/product"}],"about":[{"href":"https:\/\/lismellow.com.br\/loja\/wp-json\/wp\/v2\/types\/product"}],"replies":[{"embeddable":true,"href":"https:\/\/lismellow.com.br\/loja\/wp-json\/wp\/v2\/comments?post=2567"}],"wp:featuredmedia":[{"embeddable":true,"href":"https:\/\/lismellow.com.br\/loja\/wp-json\/wp\/v2\/media\/2569"}],"wp:attachment":[{"href":"https:\/\/lismellow.com.br\/loja\/wp-json\/wp\/v2\/media?parent=2567"}],"wp:term":[{"taxonomy":"product_brand","embeddable":true,"href":"https:\/\/lismellow.com.br\/loja\/wp-json\/wp\/v2\/product_brand?post=2567"},{"taxonomy":"product_cat","embeddable":true,"href":"https:\/\/lismellow.com.br\/loja\/wp-json\/wp\/v2\/product_cat?post=2567"},{"taxonomy":"product_tag","embeddable":true,"href":"https:\/\/lismellow.com.br\/loja\/wp-json\/wp\/v2\/product_tag?post=2567"}],"curies":[{"name":"wp","href":"https:\/\/api.w.org\/{rel}","templated":true}]}}