{"id":2559,"date":"2025-10-29T14:41:08","date_gmt":"2025-10-29T14:41:08","guid":{"rendered":"https:\/\/lismellow.com.br\/loja\/?post_type=product&#038;p=2559"},"modified":"2025-12-01T20:49:14","modified_gmt":"2025-12-01T20:49:14","slug":"creme-de-avela-ritter-250g","status":"publish","type":"product","link":"https:\/\/lismellow.com.br\/loja\/produto\/creme-de-avela-ritter-250g\/","title":{"rendered":"Creme de Avel\u00e3 Ritter 250g"},"content":{"rendered":"<p><strong>INGREDIENTES<\/strong>: A\u00c7\u00daCAR, GORDURA VEGETAL, LEITE EM P\u00d3 INTEGRAL, CACAU EM P\u00d3, PASTA DE AVEL\u00c3, EMULSIFICANTES LECITINA, POLIGLICEROL POLIRRICINOLEATO, MONO E DIGLICER\u00cdDEOS DE \u00c1CIDOS GRAXOS E AROMATIZANTE. <strong>N\u00c3O CONT\u00c9M GL\u00daTEN. CONT\u00c9M LACTOSE.<\/strong><br \/>\n<strong>AL\u00c9RGICOS<\/strong>: CONT\u00c9M AVEL\u00c3S E DERIVADOS DE LEITE. PODE CONTER SOJA, AMENDOIM, AM\u00caNDOA, CASTANHA-DE-CAJU, CASTANHA-DO-PAR\u00c1, NOZES E CASTANHAS.<\/p>\n","protected":false},"excerpt":{"rendered":"<p>INGREDIENTES: A\u00c7\u00daCAR, GORDURA VEGETAL, LEITE EM P\u00d3 INTEGRAL, CACAU EM P\u00d3, PASTA DE AVEL\u00c3, EMULSIFICANTES LECITINA, POLIGLICEROL POLIRRICINOLEATO, MONO E DIGLICER\u00cdDEOS DE \u00c1CIDOS GRAXOS E AROMATIZANTE. N\u00c3O CONT\u00c9M GL\u00daTEN. CONT\u00c9M LACTOSE. AL\u00c9RGICOS: CONT\u00c9M AVEL\u00c3S E DERIVADOS DE LEITE. PODE CONTER SOJA, AMENDOIM, AM\u00caNDOA, CASTANHA-DE-CAJU, CASTANHA-DO-PAR\u00c1, NOZES E CASTANHAS.<\/p>\n","protected":false},"featured_media":2553,"comment_status":"open","ping_status":"closed","template":"","meta":{"pagelayer_contact_templates":[],"_pagelayer_content":"","_joinchat":[]},"product_brand":[],"product_cat":[185,192],"product_tag":[],"class_list":{"0":"post-2559","1":"product","2":"type-product","3":"status-publish","4":"has-post-thumbnail","6":"product_cat-cremes-de-avela","7":"product_cat-ritter","9":"first","10":"outofstock","11":"shipping-taxable","12":"purchasable","13":"product-type-simple"},"_links":{"self":[{"href":"https:\/\/lismellow.com.br\/loja\/wp-json\/wp\/v2\/product\/2559","targetHints":{"allow":["GET"]}}],"collection":[{"href":"https:\/\/lismellow.com.br\/loja\/wp-json\/wp\/v2\/product"}],"about":[{"href":"https:\/\/lismellow.com.br\/loja\/wp-json\/wp\/v2\/types\/product"}],"replies":[{"embeddable":true,"href":"https:\/\/lismellow.com.br\/loja\/wp-json\/wp\/v2\/comments?post=2559"}],"wp:featuredmedia":[{"embeddable":true,"href":"https:\/\/lismellow.com.br\/loja\/wp-json\/wp\/v2\/media\/2553"}],"wp:attachment":[{"href":"https:\/\/lismellow.com.br\/loja\/wp-json\/wp\/v2\/media?parent=2559"}],"wp:term":[{"taxonomy":"product_brand","embeddable":true,"href":"https:\/\/lismellow.com.br\/loja\/wp-json\/wp\/v2\/product_brand?post=2559"},{"taxonomy":"product_cat","embeddable":true,"href":"https:\/\/lismellow.com.br\/loja\/wp-json\/wp\/v2\/product_cat?post=2559"},{"taxonomy":"product_tag","embeddable":true,"href":"https:\/\/lismellow.com.br\/loja\/wp-json\/wp\/v2\/product_tag?post=2559"}],"curies":[{"name":"wp","href":"https:\/\/api.w.org\/{rel}","templated":true}]}}