{"id":2549,"date":"2025-10-29T14:37:03","date_gmt":"2025-10-29T14:37:03","guid":{"rendered":"https:\/\/lismellow.com.br\/loja\/?post_type=product&#038;p=2549"},"modified":"2025-12-01T20:49:37","modified_gmt":"2025-12-01T20:49:37","slug":"ciocchella-leagel-4kg","status":"publish","type":"product","link":"https:\/\/lismellow.com.br\/loja\/produto\/ciocchella-leagel-4kg\/","title":{"rendered":"Ciocchella Leagel 4kg"},"content":{"rendered":"<p>Ciocchella \u00e9 uma pasta para recheios e mesclas da linha especial da Leagel, consistente e saborosa. Cacau com Creme de Avel\u00e3 e Castanha (&#8216;Nutella&#8217;). Confere sabor t\u00edpico de Creme de avel\u00e3. Ideal para mesclas e recheios para: sorvetes, recheios de picol\u00e9s, bolos, tortas, trufas, milkshakes, e entre outras receitas de sorveteria e confeitaria. O sabor fica intenso e confere um aspecto decorativo e uma textura \u00fanica aos produtos. Experimente! Voc\u00ea n\u00e3o ir\u00e1 se arrepender!<\/p>\n","protected":false},"excerpt":{"rendered":"<p>Ciocchella \u00e9 uma pasta para recheios e mesclas da linha especial da Leagel, consistente e saborosa. Cacau com Creme de Avel\u00e3 e Castanha (&#8216;Nutella&#8217;). Confere sabor t\u00edpico de Creme de avel\u00e3. Ideal para mesclas e recheios para: sorvetes, recheios de picol\u00e9s, bolos, tortas, trufas, milkshakes, e entre outras receitas de sorveteria e confeitaria. O sabor [&hellip;]<\/p>\n","protected":false},"featured_media":2556,"comment_status":"open","ping_status":"closed","template":"","meta":{"pagelayer_contact_templates":[],"_pagelayer_content":"","_joinchat":[]},"product_brand":[],"product_cat":[185,190],"product_tag":[],"class_list":{"0":"post-2549","1":"product","2":"type-product","3":"status-publish","4":"has-post-thumbnail","6":"product_cat-cremes-de-avela","7":"product_cat-leagel","9":"first","10":"outofstock","11":"shipping-taxable","12":"purchasable","13":"product-type-simple"},"_links":{"self":[{"href":"https:\/\/lismellow.com.br\/loja\/wp-json\/wp\/v2\/product\/2549","targetHints":{"allow":["GET"]}}],"collection":[{"href":"https:\/\/lismellow.com.br\/loja\/wp-json\/wp\/v2\/product"}],"about":[{"href":"https:\/\/lismellow.com.br\/loja\/wp-json\/wp\/v2\/types\/product"}],"replies":[{"embeddable":true,"href":"https:\/\/lismellow.com.br\/loja\/wp-json\/wp\/v2\/comments?post=2549"}],"wp:featuredmedia":[{"embeddable":true,"href":"https:\/\/lismellow.com.br\/loja\/wp-json\/wp\/v2\/media\/2556"}],"wp:attachment":[{"href":"https:\/\/lismellow.com.br\/loja\/wp-json\/wp\/v2\/media?parent=2549"}],"wp:term":[{"taxonomy":"product_brand","embeddable":true,"href":"https:\/\/lismellow.com.br\/loja\/wp-json\/wp\/v2\/product_brand?post=2549"},{"taxonomy":"product_cat","embeddable":true,"href":"https:\/\/lismellow.com.br\/loja\/wp-json\/wp\/v2\/product_cat?post=2549"},{"taxonomy":"product_tag","embeddable":true,"href":"https:\/\/lismellow.com.br\/loja\/wp-json\/wp\/v2\/product_tag?post=2549"}],"curies":[{"name":"wp","href":"https:\/\/api.w.org\/{rel}","templated":true}]}}