{"id":2547,"date":"2025-10-29T14:25:14","date_gmt":"2025-10-29T14:25:14","guid":{"rendered":"https:\/\/lismellow.com.br\/loja\/?post_type=product&#038;p=2547"},"modified":"2025-12-01T20:49:47","modified_gmt":"2025-12-01T20:49:47","slug":"geleia-gourmet-cebola-caramelizada-ritter-310g","status":"publish","type":"product","link":"https:\/\/lismellow.com.br\/loja\/produto\/geleia-gourmet-cebola-caramelizada-ritter-310g\/","title":{"rendered":"Gel\u00e9ia Gourmet Cebola Caramelizada Ritter 310g"},"content":{"rendered":"<p>INGREDIENTES: CEBOLA, A\u00c7\u00daCAR, GLICOSE, A\u00c7\u00daCAR MASCAVO, VINAGRE BALS\u00c2MICO, PIMENTA VERMELHA, SAL, ACIDULANTE \u00c1CIDO C\u00cdTRICO, ESTABILIZANTE PECTINA E CONSERVADOR SORBATO DE POT\u00c1SSIO. N\u00c3O CONT\u00c9M GL\u00daTEN.<\/p>\n","protected":false},"excerpt":{"rendered":"<p>INGREDIENTES: CEBOLA, A\u00c7\u00daCAR, GLICOSE, A\u00c7\u00daCAR MASCAVO, VINAGRE BALS\u00c2MICO, PIMENTA VERMELHA, SAL, ACIDULANTE \u00c1CIDO C\u00cdTRICO, ESTABILIZANTE PECTINA E CONSERVADOR SORBATO DE POT\u00c1SSIO. N\u00c3O CONT\u00c9M GL\u00daTEN.<\/p>\n","protected":false},"featured_media":2541,"comment_status":"open","ping_status":"closed","template":"","meta":{"pagelayer_contact_templates":[],"_pagelayer_content":"","_joinchat":[]},"product_brand":[],"product_cat":[191,192],"product_tag":[],"class_list":{"0":"post-2547","1":"product","2":"type-product","3":"status-publish","4":"has-post-thumbnail","6":"product_cat-geleias","7":"product_cat-ritter","9":"first","10":"outofstock","11":"shipping-taxable","12":"purchasable","13":"product-type-simple"},"_links":{"self":[{"href":"https:\/\/lismellow.com.br\/loja\/wp-json\/wp\/v2\/product\/2547","targetHints":{"allow":["GET"]}}],"collection":[{"href":"https:\/\/lismellow.com.br\/loja\/wp-json\/wp\/v2\/product"}],"about":[{"href":"https:\/\/lismellow.com.br\/loja\/wp-json\/wp\/v2\/types\/product"}],"replies":[{"embeddable":true,"href":"https:\/\/lismellow.com.br\/loja\/wp-json\/wp\/v2\/comments?post=2547"}],"wp:featuredmedia":[{"embeddable":true,"href":"https:\/\/lismellow.com.br\/loja\/wp-json\/wp\/v2\/media\/2541"}],"wp:attachment":[{"href":"https:\/\/lismellow.com.br\/loja\/wp-json\/wp\/v2\/media?parent=2547"}],"wp:term":[{"taxonomy":"product_brand","embeddable":true,"href":"https:\/\/lismellow.com.br\/loja\/wp-json\/wp\/v2\/product_brand?post=2547"},{"taxonomy":"product_cat","embeddable":true,"href":"https:\/\/lismellow.com.br\/loja\/wp-json\/wp\/v2\/product_cat?post=2547"},{"taxonomy":"product_tag","embeddable":true,"href":"https:\/\/lismellow.com.br\/loja\/wp-json\/wp\/v2\/product_tag?post=2547"}],"curies":[{"name":"wp","href":"https:\/\/api.w.org\/{rel}","templated":true}]}}