{"id":2514,"date":"2025-10-29T13:51:34","date_gmt":"2025-10-29T13:51:34","guid":{"rendered":"https:\/\/lismellow.com.br\/loja\/?post_type=product&#038;p=2514"},"modified":"2025-12-01T20:40:28","modified_gmt":"2025-12-01T20:40:28","slug":"calda-maracuja-brigatta-11kg","status":"publish","type":"product","link":"https:\/\/lismellow.com.br\/loja\/produto\/calda-maracuja-brigatta-11kg\/","title":{"rendered":"Calda Maracuj\u00e1 Brigatta 1,1kg"},"content":{"rendered":"<p>A <strong>Cobertura de Maracuj\u00e1 Brigatta<\/strong> \u00e9 um verdadeiro diferencial para suas sobremesas, pois \u00e9 servida aquecida , proporcionando uma textura aveludada e um sabor ainda mais intenso. Produzida em nossa f\u00e1brica pr\u00f3pria, essa cobertura tem um alto padr\u00e3o de qualidade, sendo ideal para sorvetes, milk-shakes, bolos, doces e outras cria\u00e7\u00f5es, garantindo uma experi\u00eancia \u00fanica e sofisticada.<\/p>\n","protected":false},"excerpt":{"rendered":"<p>A Cobertura de Maracuj\u00e1 Brigatta \u00e9 um verdadeiro diferencial para suas sobremesas, pois \u00e9 servida aquecida , proporcionando uma textura aveludada e um sabor ainda mais intenso. Produzida em nossa f\u00e1brica pr\u00f3pria, essa cobertura tem um alto padr\u00e3o de qualidade, sendo ideal para sorvetes, milk-shakes, bolos, doces e outras cria\u00e7\u00f5es, garantindo uma experi\u00eancia \u00fanica e [&hellip;]<\/p>\n","protected":false},"featured_media":2499,"comment_status":"open","ping_status":"closed","template":"","meta":{"pagelayer_contact_templates":[],"_pagelayer_content":"","_joinchat":[]},"product_brand":[],"product_cat":[179,180],"product_tag":[],"class_list":{"0":"post-2514","1":"product","2":"type-product","3":"status-publish","4":"has-post-thumbnail","6":"product_cat-brigatta","7":"product_cat-coberturas","9":"first","10":"outofstock","11":"shipping-taxable","12":"purchasable","13":"product-type-simple"},"_links":{"self":[{"href":"https:\/\/lismellow.com.br\/loja\/wp-json\/wp\/v2\/product\/2514","targetHints":{"allow":["GET"]}}],"collection":[{"href":"https:\/\/lismellow.com.br\/loja\/wp-json\/wp\/v2\/product"}],"about":[{"href":"https:\/\/lismellow.com.br\/loja\/wp-json\/wp\/v2\/types\/product"}],"replies":[{"embeddable":true,"href":"https:\/\/lismellow.com.br\/loja\/wp-json\/wp\/v2\/comments?post=2514"}],"wp:featuredmedia":[{"embeddable":true,"href":"https:\/\/lismellow.com.br\/loja\/wp-json\/wp\/v2\/media\/2499"}],"wp:attachment":[{"href":"https:\/\/lismellow.com.br\/loja\/wp-json\/wp\/v2\/media?parent=2514"}],"wp:term":[{"taxonomy":"product_brand","embeddable":true,"href":"https:\/\/lismellow.com.br\/loja\/wp-json\/wp\/v2\/product_brand?post=2514"},{"taxonomy":"product_cat","embeddable":true,"href":"https:\/\/lismellow.com.br\/loja\/wp-json\/wp\/v2\/product_cat?post=2514"},{"taxonomy":"product_tag","embeddable":true,"href":"https:\/\/lismellow.com.br\/loja\/wp-json\/wp\/v2\/product_tag?post=2514"}],"curies":[{"name":"wp","href":"https:\/\/api.w.org\/{rel}","templated":true}]}}