{"id":2500,"date":"2025-10-29T13:38:52","date_gmt":"2025-10-29T13:38:52","guid":{"rendered":"https:\/\/lismellow.com.br\/loja\/?post_type=product&#038;p=2500"},"modified":"2025-12-01T20:41:31","modified_gmt":"2025-12-01T20:41:31","slug":"calda-abacaxi-brigatta-11kg","status":"publish","type":"product","link":"https:\/\/lismellow.com.br\/loja\/produto\/calda-abacaxi-brigatta-11kg\/","title":{"rendered":"Calda Abacaxi Brigatta 1,1kg"},"content":{"rendered":"<p>A <strong>Cobertura de Abacaxi Brigatta<\/strong> \u00e9 um verdadeiro diferencial para suas sobremesas, pois \u00e9 servida aquecida , proporcionando uma textura aveludada e um sabor ainda mais intenso. Produzida em nossa f\u00e1brica pr\u00f3pria, essa cobertura tem um alto padr\u00e3o de qualidade, sendo ideal para sorvetes, milk-shakes, bolos, doces e outras cria\u00e7\u00f5es, garantindo uma experi\u00eancia \u00fanica e sofisticada.<\/p>\n","protected":false},"excerpt":{"rendered":"<p>A Cobertura de Abacaxi Brigatta \u00e9 um verdadeiro diferencial para suas sobremesas, pois \u00e9 servida aquecida , proporcionando uma textura aveludada e um sabor ainda mais intenso. Produzida em nossa f\u00e1brica pr\u00f3pria, essa cobertura tem um alto padr\u00e3o de qualidade, sendo ideal para sorvetes, milk-shakes, bolos, doces e outras cria\u00e7\u00f5es, garantindo uma experi\u00eancia \u00fanica e [&hellip;]<\/p>\n","protected":false},"featured_media":2490,"comment_status":"open","ping_status":"closed","template":"","meta":{"pagelayer_contact_templates":[],"_pagelayer_content":"","_joinchat":[]},"product_brand":[],"product_cat":[179,180],"product_tag":[],"class_list":{"0":"post-2500","1":"product","2":"type-product","3":"status-publish","4":"has-post-thumbnail","6":"product_cat-brigatta","7":"product_cat-coberturas","9":"first","10":"outofstock","11":"shipping-taxable","12":"purchasable","13":"product-type-simple"},"_links":{"self":[{"href":"https:\/\/lismellow.com.br\/loja\/wp-json\/wp\/v2\/product\/2500","targetHints":{"allow":["GET"]}}],"collection":[{"href":"https:\/\/lismellow.com.br\/loja\/wp-json\/wp\/v2\/product"}],"about":[{"href":"https:\/\/lismellow.com.br\/loja\/wp-json\/wp\/v2\/types\/product"}],"replies":[{"embeddable":true,"href":"https:\/\/lismellow.com.br\/loja\/wp-json\/wp\/v2\/comments?post=2500"}],"wp:featuredmedia":[{"embeddable":true,"href":"https:\/\/lismellow.com.br\/loja\/wp-json\/wp\/v2\/media\/2490"}],"wp:attachment":[{"href":"https:\/\/lismellow.com.br\/loja\/wp-json\/wp\/v2\/media?parent=2500"}],"wp:term":[{"taxonomy":"product_brand","embeddable":true,"href":"https:\/\/lismellow.com.br\/loja\/wp-json\/wp\/v2\/product_brand?post=2500"},{"taxonomy":"product_cat","embeddable":true,"href":"https:\/\/lismellow.com.br\/loja\/wp-json\/wp\/v2\/product_cat?post=2500"},{"taxonomy":"product_tag","embeddable":true,"href":"https:\/\/lismellow.com.br\/loja\/wp-json\/wp\/v2\/product_tag?post=2500"}],"curies":[{"name":"wp","href":"https:\/\/api.w.org\/{rel}","templated":true}]}}