{"id":2485,"date":"2025-10-29T13:32:11","date_gmt":"2025-10-29T13:32:11","guid":{"rendered":"https:\/\/lismellow.com.br\/loja\/?post_type=product&#038;p=2485"},"modified":"2025-12-01T20:41:50","modified_gmt":"2025-12-01T20:41:50","slug":"yogo-frozen-de-iogurte-lismellow-c-aprox-1kg","status":"publish","type":"product","link":"https:\/\/lismellow.com.br\/loja\/produto\/yogo-frozen-de-iogurte-lismellow-c-aprox-1kg\/","title":{"rendered":"Yogo Frozen de Iogurte Lismellow c\/ aprox. 1kg"},"content":{"rendered":"<p>Mistura em p\u00f3 para preparo de Yogo Frozen.<\/p>\n<p><strong>Modo de preparo:<\/strong> Adicione todo o conte\u00fado de <em>Yogo Frozen de Iogurte<\/em> em 4l de leite integral ou desnatado, OU adicione todo o conte\u00fado do <em>Yogo Frozen de Iogurte<\/em> em 3l de leite integral ou desnatado + 1l de iogurte integral ou desnatado e bater por 5 minutos.<\/p>\n<p><strong>Ingredientes:<\/strong> A\u00e7\u00facar, iogurte desnatado em p\u00f3, leite em p\u00f3 desnatado, glucose, dextrose acidulante, estabilizadores e emulsificante.<\/p>\n","protected":false},"excerpt":{"rendered":"<p>Mistura em p\u00f3 para preparo de Yogo Frozen. Modo de preparo: Adicione todo o conte\u00fado de Yogo Frozen de Iogurte em 4l de leite integral ou desnatado, OU adicione todo o conte\u00fado do Yogo Frozen de Iogurte em 3l de leite integral ou desnatado + 1l de iogurte integral ou desnatado e bater por 5 [&hellip;]<\/p>\n","protected":false},"featured_media":2487,"comment_status":"open","ping_status":"closed","template":"","meta":{"pagelayer_contact_templates":[],"_pagelayer_content":"","_joinchat":[]},"product_brand":[],"product_cat":[196,197],"product_tag":[],"class_list":{"0":"post-2485","1":"product","2":"type-product","3":"status-publish","4":"has-post-thumbnail","6":"product_cat-lismellow","7":"product_cat-yogo-frozen","9":"first","10":"outofstock","11":"shipping-taxable","12":"purchasable","13":"product-type-simple"},"_links":{"self":[{"href":"https:\/\/lismellow.com.br\/loja\/wp-json\/wp\/v2\/product\/2485","targetHints":{"allow":["GET"]}}],"collection":[{"href":"https:\/\/lismellow.com.br\/loja\/wp-json\/wp\/v2\/product"}],"about":[{"href":"https:\/\/lismellow.com.br\/loja\/wp-json\/wp\/v2\/types\/product"}],"replies":[{"embeddable":true,"href":"https:\/\/lismellow.com.br\/loja\/wp-json\/wp\/v2\/comments?post=2485"}],"wp:featuredmedia":[{"embeddable":true,"href":"https:\/\/lismellow.com.br\/loja\/wp-json\/wp\/v2\/media\/2487"}],"wp:attachment":[{"href":"https:\/\/lismellow.com.br\/loja\/wp-json\/wp\/v2\/media?parent=2485"}],"wp:term":[{"taxonomy":"product_brand","embeddable":true,"href":"https:\/\/lismellow.com.br\/loja\/wp-json\/wp\/v2\/product_brand?post=2485"},{"taxonomy":"product_cat","embeddable":true,"href":"https:\/\/lismellow.com.br\/loja\/wp-json\/wp\/v2\/product_cat?post=2485"},{"taxonomy":"product_tag","embeddable":true,"href":"https:\/\/lismellow.com.br\/loja\/wp-json\/wp\/v2\/product_tag?post=2485"}],"curies":[{"name":"wp","href":"https:\/\/api.w.org\/{rel}","templated":true}]}}