{"id":2479,"date":"2025-10-29T13:10:47","date_gmt":"2025-10-29T13:10:47","guid":{"rendered":"https:\/\/lismellow.com.br\/loja\/?post_type=product&#038;p=2479"},"modified":"2025-12-01T20:42:19","modified_gmt":"2025-12-01T20:42:19","slug":"recheio-creme-de-pistache-trufa-pistacchio-leagel-4kg","status":"publish","type":"product","link":"https:\/\/lismellow.com.br\/loja\/produto\/recheio-creme-de-pistache-trufa-pistacchio-leagel-4kg\/","title":{"rendered":"Recheio Creme De Pistache Trufa Pistacchio Leagel 4kg"},"content":{"rendered":"<p>RECHEIO DE PISTACHE TRUFA PISTACCHIO LEAGEL 4KG<\/p>\n<p>Recheio de pistache com textura cremosa.<\/p>\n<p>\u00c9 muito indicado para in\u00fameras aplica\u00e7\u00f5es, tais como: Gelateria, A\u00e7a\u00ed, Sorvete, Doces diversos e em diversas receitas de Culin\u00e1ria e Confeitaria, bem como para ind\u00fastria.<\/p>\n","protected":false},"excerpt":{"rendered":"<p>RECHEIO DE PISTACHE TRUFA PISTACCHIO LEAGEL 4KG Recheio de pistache com textura cremosa. \u00c9 muito indicado para in\u00fameras aplica\u00e7\u00f5es, tais como: Gelateria, A\u00e7a\u00ed, Sorvete, Doces diversos e em diversas receitas de Culin\u00e1ria e Confeitaria, bem como para ind\u00fastria.<\/p>\n","protected":false},"featured_media":2474,"comment_status":"open","ping_status":"closed","template":"","meta":{"pagelayer_contact_templates":[],"_pagelayer_content":"","_joinchat":[]},"product_brand":[],"product_cat":[190,188],"product_tag":[],"class_list":{"0":"post-2479","1":"product","2":"type-product","3":"status-publish","4":"has-post-thumbnail","6":"product_cat-leagel","7":"product_cat-recheios","9":"first","10":"outofstock","11":"shipping-taxable","12":"purchasable","13":"product-type-simple"},"_links":{"self":[{"href":"https:\/\/lismellow.com.br\/loja\/wp-json\/wp\/v2\/product\/2479","targetHints":{"allow":["GET"]}}],"collection":[{"href":"https:\/\/lismellow.com.br\/loja\/wp-json\/wp\/v2\/product"}],"about":[{"href":"https:\/\/lismellow.com.br\/loja\/wp-json\/wp\/v2\/types\/product"}],"replies":[{"embeddable":true,"href":"https:\/\/lismellow.com.br\/loja\/wp-json\/wp\/v2\/comments?post=2479"}],"wp:featuredmedia":[{"embeddable":true,"href":"https:\/\/lismellow.com.br\/loja\/wp-json\/wp\/v2\/media\/2474"}],"wp:attachment":[{"href":"https:\/\/lismellow.com.br\/loja\/wp-json\/wp\/v2\/media?parent=2479"}],"wp:term":[{"taxonomy":"product_brand","embeddable":true,"href":"https:\/\/lismellow.com.br\/loja\/wp-json\/wp\/v2\/product_brand?post=2479"},{"taxonomy":"product_cat","embeddable":true,"href":"https:\/\/lismellow.com.br\/loja\/wp-json\/wp\/v2\/product_cat?post=2479"},{"taxonomy":"product_tag","embeddable":true,"href":"https:\/\/lismellow.com.br\/loja\/wp-json\/wp\/v2\/product_tag?post=2479"}],"curies":[{"name":"wp","href":"https:\/\/api.w.org\/{rel}","templated":true}]}}