{"id":2468,"date":"2025-10-29T12:55:13","date_gmt":"2025-10-29T12:55:13","guid":{"rendered":"https:\/\/lismellow.com.br\/loja\/?post_type=product&#038;p=2468"},"modified":"2025-12-01T20:44:42","modified_gmt":"2025-12-01T20:44:42","slug":"choco-brownie-doremus-4kg","status":"publish","type":"product","link":"https:\/\/lismellow.com.br\/loja\/produto\/choco-brownie-doremus-4kg\/","title":{"rendered":"Choco Brownie Doremus 4kg"},"content":{"rendered":"<p>A cremosidade do chocolate e a intensidade do brownie em uma combina\u00e7\u00e3o irresist\u00edvel! Perfeito para recheios, coberturas e sobremesas incr\u00edveis. Ideal para confeiteiros, sorveterias e a\u00e7a\u00edterias que querem surpreender seus clientes.<\/p>\n<p>Praticidade e sabor incompar\u00e1vel em cada colherada!<\/p>\n<p>Pe\u00e7a j\u00e1 o seu!<\/p>\n","protected":false},"excerpt":{"rendered":"<p>A cremosidade do chocolate e a intensidade do brownie em uma combina\u00e7\u00e3o irresist\u00edvel! Perfeito para recheios, coberturas e sobremesas incr\u00edveis. Ideal para confeiteiros, sorveterias e a\u00e7a\u00edterias que querem surpreender seus clientes. Praticidade e sabor incompar\u00e1vel em cada colherada! Pe\u00e7a j\u00e1 o seu!<\/p>\n","protected":false},"featured_media":2470,"comment_status":"open","ping_status":"closed","template":"","meta":{"pagelayer_contact_templates":[],"_pagelayer_content":"","_joinchat":[]},"product_brand":[],"product_cat":[189,188],"product_tag":[],"class_list":{"0":"post-2468","1":"product","2":"type-product","3":"status-publish","4":"has-post-thumbnail","6":"product_cat-doremus","7":"product_cat-recheios","9":"first","10":"outofstock","11":"shipping-taxable","12":"purchasable","13":"product-type-simple"},"_links":{"self":[{"href":"https:\/\/lismellow.com.br\/loja\/wp-json\/wp\/v2\/product\/2468","targetHints":{"allow":["GET"]}}],"collection":[{"href":"https:\/\/lismellow.com.br\/loja\/wp-json\/wp\/v2\/product"}],"about":[{"href":"https:\/\/lismellow.com.br\/loja\/wp-json\/wp\/v2\/types\/product"}],"replies":[{"embeddable":true,"href":"https:\/\/lismellow.com.br\/loja\/wp-json\/wp\/v2\/comments?post=2468"}],"wp:featuredmedia":[{"embeddable":true,"href":"https:\/\/lismellow.com.br\/loja\/wp-json\/wp\/v2\/media\/2470"}],"wp:attachment":[{"href":"https:\/\/lismellow.com.br\/loja\/wp-json\/wp\/v2\/media?parent=2468"}],"wp:term":[{"taxonomy":"product_brand","embeddable":true,"href":"https:\/\/lismellow.com.br\/loja\/wp-json\/wp\/v2\/product_brand?post=2468"},{"taxonomy":"product_cat","embeddable":true,"href":"https:\/\/lismellow.com.br\/loja\/wp-json\/wp\/v2\/product_cat?post=2468"},{"taxonomy":"product_tag","embeddable":true,"href":"https:\/\/lismellow.com.br\/loja\/wp-json\/wp\/v2\/product_tag?post=2468"}],"curies":[{"name":"wp","href":"https:\/\/api.w.org\/{rel}","templated":true}]}}