{"id":2461,"date":"2025-10-29T12:29:41","date_gmt":"2025-10-29T12:29:41","guid":{"rendered":"https:\/\/lismellow.com.br\/loja\/?post_type=product&#038;p=2461"},"modified":"2025-12-01T20:45:49","modified_gmt":"2025-12-01T20:45:49","slug":"stracciatella-skimo-chocolate-branco-vabene-4kg","status":"publish","type":"product","link":"https:\/\/lismellow.com.br\/loja\/produto\/stracciatella-skimo-chocolate-branco-vabene-4kg\/","title":{"rendered":"Stracciatella Skimo Chocolate Branco Vabene 4kg"},"content":{"rendered":"<p>Ideal para dar acabamento fino e delicado para paletas e picol\u00e9s, os produtos dessa linha s\u00e3o elaborados com ingredientes de excelente qualidade e garantem visual atraente, sabor intenso de chocolate premium, alto rendimento e r\u00e1pida cristaliza\u00e7\u00e3o para suas prepara\u00e7\u00f5es.<\/p>\n<p><strong>Aviso Importante:<\/strong><br \/>\nPara melhor conserva\u00e7\u00e3o, manter a embalagem devidamente fechada e em local seco, fresco e inodoro. Depois de aberto, consumir em at\u00e9 30 dias. Pode haver separa\u00e7\u00e3o de fases entre \u00f3leo e s\u00f3lidos. Misture bem para homogeneizar. Data de fabrica\u00e7\u00e3o e validade, vide tampa.<\/p>\n<p><strong>Modo de Usar:<\/strong><br \/>\n<strong>M\u00e9todo banho-maria: <\/strong>Manter o balde bem fechado durante o processo para evitar contato com a umidade. Aquecer a uma temperatura entre 40\u02daC a 45\u02daC. Secar bem o balde. Abrir e mexer toda a cobertura.<br \/>\n<strong>M\u00e9todo chocolateira: <\/strong>Retirar todo o produto do balde e colocar na chocolateira. Aquecer a uma temperatura entre 40\u02daC a 45\u02daC.<br \/>\n<strong>Temperatura para aplica\u00e7\u00e3o:<\/strong> A temperatura ideal para aplica\u00e7\u00e3o deve ser entre 38\u02daC a 42\u02daC.<br \/>\n<strong>Modo de aplica\u00e7\u00e3o:<\/strong> O sorvete ou picol\u00e9 deve ser mergulhado totalmente na cobertura por, pelo menos, 3 segundos. Retirar e deixar escorrer o excesso. Ap\u00f3s a cobertura ser aplicada deve ir diretamente ao freezer ou ser consumido. Res\u00edduos de sorvetes ou umidade na cobertura comprometem a qualidade do produto.<\/p>\n<p><strong>Ingredientes:<\/strong><br \/>\nGordura vegetal, a\u00e7\u00facar, soro de leite em p\u00f3, emulsificante lecitina de soja e aromatizante.<\/p>\n<p><strong>AL\u00c9RGICOS:<\/strong><br \/>\nCONT\u00c9M DERIVADOS DE LEITE E SOJA. PODE CONTER AMENDOIM, AM\u00caNDOA, AVEL\u00c3, CASTANHA-DE-CAJU, CASTANHA-DO-PAR\u00c1 E CEVADA. CONT\u00c9M LACTOSE. CONT\u00c9M GL\u00daTEN.<\/p>\n<p><strong>Prazo de validade:<\/strong> 12 meses.<\/p>\n","protected":false},"excerpt":{"rendered":"<p>Ideal para dar acabamento fino e delicado para paletas e picol\u00e9s, os produtos dessa linha s\u00e3o elaborados com ingredientes de excelente qualidade e garantem visual atraente, sabor intenso de chocolate premium, alto rendimento e r\u00e1pida cristaliza\u00e7\u00e3o para suas prepara\u00e7\u00f5es. Aviso Importante: Para melhor conserva\u00e7\u00e3o, manter a embalagem devidamente fechada e em local seco, fresco e [&hellip;]<\/p>\n","protected":false},"featured_media":2459,"comment_status":"open","ping_status":"closed","template":"","meta":{"pagelayer_contact_templates":[],"_pagelayer_content":"","_joinchat":[]},"product_brand":[],"product_cat":[187,184],"product_tag":[],"class_list":{"0":"post-2461","1":"product","2":"type-product","3":"status-publish","4":"has-post-thumbnail","6":"product_cat-condensadores","7":"product_cat-vabene","9":"first","10":"outofstock","11":"shipping-taxable","12":"purchasable","13":"product-type-simple"},"_links":{"self":[{"href":"https:\/\/lismellow.com.br\/loja\/wp-json\/wp\/v2\/product\/2461","targetHints":{"allow":["GET"]}}],"collection":[{"href":"https:\/\/lismellow.com.br\/loja\/wp-json\/wp\/v2\/product"}],"about":[{"href":"https:\/\/lismellow.com.br\/loja\/wp-json\/wp\/v2\/types\/product"}],"replies":[{"embeddable":true,"href":"https:\/\/lismellow.com.br\/loja\/wp-json\/wp\/v2\/comments?post=2461"}],"wp:featuredmedia":[{"embeddable":true,"href":"https:\/\/lismellow.com.br\/loja\/wp-json\/wp\/v2\/media\/2459"}],"wp:attachment":[{"href":"https:\/\/lismellow.com.br\/loja\/wp-json\/wp\/v2\/media?parent=2461"}],"wp:term":[{"taxonomy":"product_brand","embeddable":true,"href":"https:\/\/lismellow.com.br\/loja\/wp-json\/wp\/v2\/product_brand?post=2461"},{"taxonomy":"product_cat","embeddable":true,"href":"https:\/\/lismellow.com.br\/loja\/wp-json\/wp\/v2\/product_cat?post=2461"},{"taxonomy":"product_tag","embeddable":true,"href":"https:\/\/lismellow.com.br\/loja\/wp-json\/wp\/v2\/product_tag?post=2461"}],"curies":[{"name":"wp","href":"https:\/\/api.w.org\/{rel}","templated":true}]}}