{"id":2439,"date":"2025-10-24T14:34:11","date_gmt":"2025-10-24T14:34:11","guid":{"rendered":"https:\/\/lismellow.com.br\/loja\/?post_type=product&#038;p=2439"},"modified":"2025-12-01T20:34:19","modified_gmt":"2025-12-01T20:34:19","slug":"creme-de-avela-com-cacau-vabene-3kg","status":"publish","type":"product","link":"https:\/\/lismellow.com.br\/loja\/produto\/creme-de-avela-com-cacau-vabene-3kg\/","title":{"rendered":"Creme de Avel\u00e3 com Cacau Vabene 3kg"},"content":{"rendered":"<p>Sabor nobre e intenso de chocolate com avel\u00e3, com consist\u00eancia cremosa e textura lisa.<\/p>\n","protected":false},"excerpt":{"rendered":"<p>Sabor nobre e intenso de chocolate com avel\u00e3, com consist\u00eancia cremosa e textura lisa.<\/p>\n","protected":false},"featured_media":2442,"comment_status":"open","ping_status":"closed","template":"","meta":{"pagelayer_contact_templates":[],"_pagelayer_content":"","_joinchat":[]},"product_brand":[],"product_cat":[185,184],"product_tag":[],"class_list":{"0":"post-2439","1":"product","2":"type-product","3":"status-publish","4":"has-post-thumbnail","6":"product_cat-cremes-de-avela","7":"product_cat-vabene","9":"first","10":"outofstock","11":"shipping-taxable","12":"purchasable","13":"product-type-simple"},"_links":{"self":[{"href":"https:\/\/lismellow.com.br\/loja\/wp-json\/wp\/v2\/product\/2439","targetHints":{"allow":["GET"]}}],"collection":[{"href":"https:\/\/lismellow.com.br\/loja\/wp-json\/wp\/v2\/product"}],"about":[{"href":"https:\/\/lismellow.com.br\/loja\/wp-json\/wp\/v2\/types\/product"}],"replies":[{"embeddable":true,"href":"https:\/\/lismellow.com.br\/loja\/wp-json\/wp\/v2\/comments?post=2439"}],"wp:featuredmedia":[{"embeddable":true,"href":"https:\/\/lismellow.com.br\/loja\/wp-json\/wp\/v2\/media\/2442"}],"wp:attachment":[{"href":"https:\/\/lismellow.com.br\/loja\/wp-json\/wp\/v2\/media?parent=2439"}],"wp:term":[{"taxonomy":"product_brand","embeddable":true,"href":"https:\/\/lismellow.com.br\/loja\/wp-json\/wp\/v2\/product_brand?post=2439"},{"taxonomy":"product_cat","embeddable":true,"href":"https:\/\/lismellow.com.br\/loja\/wp-json\/wp\/v2\/product_cat?post=2439"},{"taxonomy":"product_tag","embeddable":true,"href":"https:\/\/lismellow.com.br\/loja\/wp-json\/wp\/v2\/product_tag?post=2439"}],"curies":[{"name":"wp","href":"https:\/\/api.w.org\/{rel}","templated":true}]}}