{"id":2422,"date":"2025-10-24T14:17:04","date_gmt":"2025-10-24T14:17:04","guid":{"rendered":"https:\/\/lismellow.com.br\/loja\/?post_type=product&#038;p=2422"},"modified":"2025-12-01T20:35:17","modified_gmt":"2025-12-01T20:35:17","slug":"calda-morango-brigatta-11kg","status":"publish","type":"product","link":"https:\/\/lismellow.com.br\/loja\/produto\/calda-morango-brigatta-11kg\/","title":{"rendered":"Calda Morango Brigatta 1,1kg"},"content":{"rendered":"<p>A Cobertura Brigatta de Morango \u00e9 produzida na pr\u00f3pria f\u00e1brica da Brigatta, garantindo um sabor intenso e equilibrado, perfeito para deixar suas sobremesas ainda mais irresist\u00edveis.<\/p>\n<p>Feita com ingredientes selecionados e rigoroso controle de qualidade, possui uma textura cremosa e f\u00e1cil aplica\u00e7\u00e3o, sendo ideal para sorvetes, milk-shakes, bolos, tortas e outras del\u00edcias.!<\/p>\n","protected":false},"excerpt":{"rendered":"<p>A Cobertura Brigatta de Morango \u00e9 produzida na pr\u00f3pria f\u00e1brica da Brigatta, garantindo um sabor intenso e equilibrado, perfeito para deixar suas sobremesas ainda mais irresist\u00edveis. Feita com ingredientes selecionados e rigoroso controle de qualidade, possui uma textura cremosa e f\u00e1cil aplica\u00e7\u00e3o, sendo ideal para sorvetes, milk-shakes, bolos, tortas e outras del\u00edcias.!<\/p>\n","protected":false},"featured_media":2425,"comment_status":"open","ping_status":"closed","template":"","meta":{"pagelayer_contact_templates":[],"_pagelayer_content":"","_joinchat":[]},"product_brand":[],"product_cat":[179,180],"product_tag":[],"class_list":{"0":"post-2422","1":"product","2":"type-product","3":"status-publish","4":"has-post-thumbnail","6":"product_cat-brigatta","7":"product_cat-coberturas","9":"first","10":"outofstock","11":"shipping-taxable","12":"purchasable","13":"product-type-simple"},"_links":{"self":[{"href":"https:\/\/lismellow.com.br\/loja\/wp-json\/wp\/v2\/product\/2422","targetHints":{"allow":["GET"]}}],"collection":[{"href":"https:\/\/lismellow.com.br\/loja\/wp-json\/wp\/v2\/product"}],"about":[{"href":"https:\/\/lismellow.com.br\/loja\/wp-json\/wp\/v2\/types\/product"}],"replies":[{"embeddable":true,"href":"https:\/\/lismellow.com.br\/loja\/wp-json\/wp\/v2\/comments?post=2422"}],"wp:featuredmedia":[{"embeddable":true,"href":"https:\/\/lismellow.com.br\/loja\/wp-json\/wp\/v2\/media\/2425"}],"wp:attachment":[{"href":"https:\/\/lismellow.com.br\/loja\/wp-json\/wp\/v2\/media?parent=2422"}],"wp:term":[{"taxonomy":"product_brand","embeddable":true,"href":"https:\/\/lismellow.com.br\/loja\/wp-json\/wp\/v2\/product_brand?post=2422"},{"taxonomy":"product_cat","embeddable":true,"href":"https:\/\/lismellow.com.br\/loja\/wp-json\/wp\/v2\/product_cat?post=2422"},{"taxonomy":"product_tag","embeddable":true,"href":"https:\/\/lismellow.com.br\/loja\/wp-json\/wp\/v2\/product_tag?post=2422"}],"curies":[{"name":"wp","href":"https:\/\/api.w.org\/{rel}","templated":true}]}}