{"id":2395,"date":"2025-10-24T13:44:20","date_gmt":"2025-10-24T13:44:20","guid":{"rendered":"https:\/\/lismellow.com.br\/loja\/?post_type=product&#038;p=2395"},"modified":"2025-12-01T20:36:35","modified_gmt":"2025-12-01T20:36:35","slug":"cobertura-chocolate-ster-bom-1-3kg","status":"publish","type":"product","link":"https:\/\/lismellow.com.br\/loja\/produto\/cobertura-chocolate-ster-bom-1-3kg\/","title":{"rendered":"Cobertura Chocolate Ster Bom 1.3kg"},"content":{"rendered":"<p>A cobertura de chocolate da Ster Bom \u00e9 um produto pr\u00e1tico e vers\u00e1til para sorveterias, confeitarias e uso dom\u00e9stico.<\/p>\n<p>\u00c9 desenvolvida para real\u00e7ar o sabor de sorvetes, sobremesas e bolos, atendendo a diversas prefer\u00eancias familiares.<\/p>\n","protected":false},"excerpt":{"rendered":"<p>A cobertura de chocolate da Ster Bom \u00e9 um produto pr\u00e1tico e vers\u00e1til para sorveterias, confeitarias e uso dom\u00e9stico. \u00c9 desenvolvida para real\u00e7ar o sabor de sorvetes, sobremesas e bolos, atendendo a diversas prefer\u00eancias familiares.<\/p>\n","protected":false},"featured_media":2398,"comment_status":"open","ping_status":"closed","template":"","meta":{"pagelayer_contact_templates":[],"_pagelayer_content":"","_joinchat":[]},"product_brand":[],"product_cat":[180,181],"product_tag":[],"class_list":{"0":"post-2395","1":"product","2":"type-product","3":"status-publish","4":"has-post-thumbnail","6":"product_cat-coberturas","7":"product_cat-ster-bom","9":"first","10":"outofstock","11":"shipping-taxable","12":"purchasable","13":"product-type-simple"},"_links":{"self":[{"href":"https:\/\/lismellow.com.br\/loja\/wp-json\/wp\/v2\/product\/2395","targetHints":{"allow":["GET"]}}],"collection":[{"href":"https:\/\/lismellow.com.br\/loja\/wp-json\/wp\/v2\/product"}],"about":[{"href":"https:\/\/lismellow.com.br\/loja\/wp-json\/wp\/v2\/types\/product"}],"replies":[{"embeddable":true,"href":"https:\/\/lismellow.com.br\/loja\/wp-json\/wp\/v2\/comments?post=2395"}],"wp:featuredmedia":[{"embeddable":true,"href":"https:\/\/lismellow.com.br\/loja\/wp-json\/wp\/v2\/media\/2398"}],"wp:attachment":[{"href":"https:\/\/lismellow.com.br\/loja\/wp-json\/wp\/v2\/media?parent=2395"}],"wp:term":[{"taxonomy":"product_brand","embeddable":true,"href":"https:\/\/lismellow.com.br\/loja\/wp-json\/wp\/v2\/product_brand?post=2395"},{"taxonomy":"product_cat","embeddable":true,"href":"https:\/\/lismellow.com.br\/loja\/wp-json\/wp\/v2\/product_cat?post=2395"},{"taxonomy":"product_tag","embeddable":true,"href":"https:\/\/lismellow.com.br\/loja\/wp-json\/wp\/v2\/product_tag?post=2395"}],"curies":[{"name":"wp","href":"https:\/\/api.w.org\/{rel}","templated":true}]}}