{"id":1967,"date":"2025-06-14T15:01:04","date_gmt":"2025-06-14T15:01:04","guid":{"rendered":"https:\/\/lismellow.com.br\/loja\/?post_type=product&#038;p=1967"},"modified":"2025-12-01T20:37:19","modified_gmt":"2025-12-01T20:37:19","slug":"bebida-lactea-brigatta-chocolate-2l","status":"publish","type":"product","link":"https:\/\/lismellow.com.br\/loja\/produto\/bebida-lactea-brigatta-chocolate-2l\/","title":{"rendered":"Bebida L\u00e1ctea Brigatta Chocolate 2L"},"content":{"rendered":"<p>A Bebida L\u00e1ctea UHT Chocolate Brigatta \u00e9 a escolha perfeita para quem busca sabor marcante, cremosidade e qualidade. Ideal para o preparo de milk-shakes, sorvetes e sobremesas , garantindo um resultado irresist\u00edvel e de alta qualidade.<br \/>\nSabor suave e equilibrado de chocolate<br \/>\nTextura cremosa e din\u00e2mica<br \/>\nPraticidade : pronta para usar<br \/>\nAlto rendimento para o seu neg\u00f3cio<\/p>\n","protected":false},"excerpt":{"rendered":"<p>A Bebida L\u00e1ctea UHT Chocolate Brigatta \u00e9 a escolha perfeita para quem busca sabor marcante, cremosidade e qualidade. Ideal para o preparo de milk-shakes, sorvetes e sobremesas , garantindo um resultado irresist\u00edvel e de alta qualidade. Sabor suave e equilibrado de chocolate Textura cremosa e din\u00e2mica Praticidade : pronta para usar Alto rendimento para o [&hellip;]<\/p>\n","protected":false},"featured_media":2379,"comment_status":"open","ping_status":"closed","template":"","meta":{"pagelayer_contact_templates":[],"_pagelayer_content":"","_joinchat":[]},"product_brand":[],"product_cat":[178,179],"product_tag":[],"class_list":{"0":"post-1967","1":"product","2":"type-product","3":"status-publish","4":"has-post-thumbnail","6":"product_cat-bebida-lactea","7":"product_cat-brigatta","9":"first","10":"outofstock","11":"shipping-taxable","12":"purchasable","13":"product-type-simple"},"_links":{"self":[{"href":"https:\/\/lismellow.com.br\/loja\/wp-json\/wp\/v2\/product\/1967","targetHints":{"allow":["GET"]}}],"collection":[{"href":"https:\/\/lismellow.com.br\/loja\/wp-json\/wp\/v2\/product"}],"about":[{"href":"https:\/\/lismellow.com.br\/loja\/wp-json\/wp\/v2\/types\/product"}],"replies":[{"embeddable":true,"href":"https:\/\/lismellow.com.br\/loja\/wp-json\/wp\/v2\/comments?post=1967"}],"wp:featuredmedia":[{"embeddable":true,"href":"https:\/\/lismellow.com.br\/loja\/wp-json\/wp\/v2\/media\/2379"}],"wp:attachment":[{"href":"https:\/\/lismellow.com.br\/loja\/wp-json\/wp\/v2\/media?parent=1967"}],"wp:term":[{"taxonomy":"product_brand","embeddable":true,"href":"https:\/\/lismellow.com.br\/loja\/wp-json\/wp\/v2\/product_brand?post=1967"},{"taxonomy":"product_cat","embeddable":true,"href":"https:\/\/lismellow.com.br\/loja\/wp-json\/wp\/v2\/product_cat?post=1967"},{"taxonomy":"product_tag","embeddable":true,"href":"https:\/\/lismellow.com.br\/loja\/wp-json\/wp\/v2\/product_tag?post=1967"}],"curies":[{"name":"wp","href":"https:\/\/api.w.org\/{rel}","templated":true}]}}